{"id":4394776,"date":"2022-06-03T07:41:39","date_gmt":"2022-06-03T07:41:39","guid":{"rendered":"https:\/\/www.park-cirkulane.si\/ogledi-copy\/"},"modified":"2023-07-13T21:10:22","modified_gmt":"2023-07-13T21:10:22","slug":"druga-ponudba","status":"publish","type":"page","link":"https:\/\/www.park-cirkulane.si\/en\/druga-ponudba\/","title":{"rendered":"Druga ponudba"},"content":{"rendered":"<p>[et_pb_section fb_built=&#8221;1&#8243; fullwidth=&#8221;on&#8221; _builder_version=&#8221;4.9.9&#8243; _module_preset=&#8221;default&#8221; background_image=&#8221;https:\/\/www.park-cirkulane.si\/wp-content\/uploads\/00-WWW-Slike\/Naslovi-backgrunds\/bg-naslov-02.jpg&#8221; background_position=&#8221;bottom_center&#8221; background_last_edited=&#8221;on|phone&#8221; background_position_tablet=&#8221;center_right&#8221; background_position_phone=&#8221;center&#8221; locked=&#8221;off&#8221;][et_pb_fullwidth_post_title meta=&#8221;off&#8221; featured_image=&#8221;off&#8221; _builder_version=&#8221;4.9.9&#8243; _module_preset=&#8221;default&#8221; title_font=&#8221;Fredericka the Great|600||on|||||&#8221; title_text_align=&#8221;center&#8221; title_text_color=&#8221;#FFFFFF&#8221; title_font_size=&#8221;34px&#8221; title_letter_spacing=&#8221;3px&#8221; use_background_color_gradient=&#8221;on&#8221; background_color_gradient_start=&#8221;rgba(0,0,0,0.82)&#8221; background_color_gradient_end=&#8221;rgba(0,0,0,0)&#8221; background_color_gradient_direction=&#8221;90deg&#8221; custom_padding=&#8221;50px||40px||false|false&#8221; custom_padding_tablet=&#8221;&#8221; custom_padding_phone=&#8221;40px||30px||false|false&#8221; custom_padding_last_edited=&#8221;on|phone&#8221; title_text_align_tablet=&#8221;&#8221; title_text_align_phone=&#8221;center&#8221; title_text_align_last_edited=&#8221;on|desktop&#8221; title_font_size_tablet=&#8221;28px&#8221; title_font_size_phone=&#8221;22px&#8221; title_font_size_last_edited=&#8221;on|phone&#8221; custom_padding__hover_enabled=&#8221;off|desktop&#8221;][\/et_pb_fullwidth_post_title][\/et_pb_section][et_pb_section fb_built=&#8221;1&#8243; admin_label=&#8221;Blurb_Style_20&#8243; _builder_version=&#8221;4.9.9&#8243; _module_preset=&#8221;default&#8221; background_color=&#8221;#eaeaea&#8221; custom_margin=&#8221;0px||0px||false|false&#8221; custom_padding=&#8221;0px||0px||false|false&#8221;][et_pb_row column_structure=&#8221;1_2,1_2&#8243; admin_label=&#8221;BLURB MODULE TEMPLATE 20&#8243; _builder_version=&#8221;4.9.9&#8243; _module_preset=&#8221;default&#8221;][et_pb_column type=&#8221;1_2&#8243; _builder_version=&#8221;4.5.6&#8243; _module_preset=&#8221;default&#8221; custom_css_main_element_last_edited=&#8221;on|tablet&#8221; custom_css_main_element_tablet=&#8221;||&#8221;][et_pb_blurb image=&#8221;https:\/\/www.park-cirkulane.si\/wp-content\/uploads\/00-WWW-Slike\/Ikone\/ogledi-individualni.png&#8221; admin_label=&#8221;Style 20&#8243; module_class=&#8221;et_pb_blurb_dct_1_20&#8243; _builder_version=&#8221;4.9.9&#8243; _module_preset=&#8221;default&#8221; header_font=&#8221;|700||||on|||&#8221; header_text_align=&#8221;center&#8221; header_text_color=&#8221;#000000&#8243; header_font_size=&#8221;20px&#8221; body_text_align=&#8221;center&#8221; body_text_color=&#8221;#353535&#8243; body_font_size=&#8221;16px&#8221; body_line_height=&#8221;28px&#8221; background_color=&#8221;#FFFFFF&#8221; positioning=&#8221;relative&#8221; custom_padding=&#8221;10px|20px||20px|false|false&#8221; hover_enabled=&#8221;0&#8243; custom_css_before=&#8221;content: %22%22;||border-top: 0 solid #bd9a38;||border-right: 0 solid transparent;||position: absolute;||left: 0;||top: 0;||z-index: 1;||transition: all 0.3s ease 0s;&#8221; custom_css_after=&#8221;content: %22%22;||border-bottom: 0 solid #bd9a38;||border-left: 0 solid transparent;||position: absolute;||bottom: 0;||right: 0;||z-index: 1;||transition: all 0.3s ease 0s;&#8221; custom_css_blurb_title=&#8221; margin: 0 0 10px 0;||transition: all 0.5s ease 0s;&#8221; custom_css_blurb_content=&#8221;transition: all 0.5s ease 0s;&#8221; border_width_top=&#8221;3px&#8221; border_color_top=&#8221;#bd9a38&#8243; border_width_bottom=&#8221;3px&#8221; border_color_bottom=&#8221;#bd9a38&#8243; locked=&#8221;off&#8221; custom_css_before__hover_enabled=&#8221;on|desktop&#8221; custom_css_before__hover=&#8221;border-top-width: 78px;||border-right-width: 78px;&#8221; custom_css_after__hover_enabled=&#8221;on|hover&#8221; custom_css_after__hover=&#8221;border-bottom-width: 78px;||border-left-width: 78px;&#8221; transform_styles__hover_enabled=&#8221;on|desktop&#8221; transform_scale__hover_enabled=&#8221;on|desktop&#8221; transform_translate__hover_enabled=&#8221;on|desktop&#8221; transform_rotate__hover_enabled=&#8221;on|desktop&#8221; transform_skew__hover_enabled=&#8221;on|desktop&#8221; transform_origin__hover_enabled=&#8221;on|desktop&#8221; border_radii__hover_enabled=&#8221;on|desktop&#8221; disabled_on=&#8221;off|off|off&#8221; sticky_enabled=&#8221;0&#8243;][\/et_pb_blurb][\/et_pb_column][et_pb_column type=&#8221;1_2&#8243; _builder_version=&#8221;4.5.6&#8243; _module_preset=&#8221;default&#8221; custom_css_main_element_last_edited=&#8221;on|tablet&#8221; custom_css_main_element_tablet=&#8221;||&#8221;][et_pb_blurb title=&#8221;degustacija halo\u0161kih dobrot&#8221; url=&#8221;https:\/\/www.park-cirkulane.si\/park-dediscine\/&#8221; admin_label=&#8221;Style 20&#8243; module_class=&#8221;et_pb_blurb_dct_1_20&#8243; _builder_version=&#8221;4.9.9&#8243; _module_preset=&#8221;default&#8221; header_font=&#8221;|700||||on|||&#8221; header_text_align=&#8221;center&#8221; header_text_color=&#8221;#000000&#8243; header_font_size=&#8221;20px&#8221; body_text_align=&#8221;center&#8221; body_text_color=&#8221;#353535&#8243; body_font_size=&#8221;16px&#8221; body_line_height=&#8221;28px&#8221; background_color=&#8221;#FFFFFF&#8221; positioning=&#8221;relative&#8221; custom_padding=&#8221;33px|30px|33px|30px|true|true&#8221; hover_enabled=&#8221;0&#8243; custom_css_before=&#8221;content: %22%22;||border-top: 0 solid #bd9a38;||border-right: 0 solid transparent;||position: absolute;||left: 0;||top: 0;||z-index: 1;||transition: all 0.3s ease 0s;&#8221; custom_css_after=&#8221;content: %22%22;||border-bottom: 0 solid #bd9a38;||border-left: 0 solid transparent;||position: absolute;||bottom: 0;||right: 0;||z-index: 1;||transition: all 0.3s ease 0s;&#8221; custom_css_blurb_title=&#8221; margin: 0 0 10px 0;||transition: all 0.5s ease 0s;&#8221; custom_css_blurb_content=&#8221;transition: all 0.5s ease 0s;&#8221; border_width_top=&#8221;3px&#8221; border_color_top=&#8221;#bd9a38&#8243; border_width_bottom=&#8221;3px&#8221; border_color_bottom=&#8221;#bd9a38&#8243; locked=&#8221;off&#8221; custom_css_before__hover_enabled=&#8221;on|desktop&#8221; custom_css_before__hover=&#8221;border-top-width: 78px;||border-right-width: 78px;&#8221; custom_css_after__hover_enabled=&#8221;on|hover&#8221; custom_css_after__hover=&#8221;border-bottom-width: 78px;||border-left-width: 78px;&#8221; transform_styles__hover_enabled=&#8221;on|desktop&#8221; transform_scale__hover_enabled=&#8221;on|desktop&#8221; transform_translate__hover_enabled=&#8221;on|desktop&#8221; transform_rotate__hover_enabled=&#8221;on|desktop&#8221; transform_skew__hover_enabled=&#8221;on|desktop&#8221; transform_origin__hover_enabled=&#8221;on|desktop&#8221; border_radii__hover_enabled=&#8221;on|desktop&#8221; disabled_on=&#8221;off|off|off&#8221; sticky_enabled=&#8221;0&#8243;]<\/p>\n<p>V Parku dedi\u0161\u010dine Cirkulane lahko naro\u010dite tudi degustacije halo\u0161kih dobrot in halo\u0161kega vina, kulturni program in tematska vodenja. Za informacije in rezervacije pokli\u010dite 02 795 32 00 ali pi\u0161ite na <a href=\"mailto:turizem@halo.si\">turizem@halo.si<\/a>.<\/p>\n<p>[\/et_pb_blurb][\/et_pb_column][\/et_pb_row][et_pb_row column_structure=&#8221;1_2,1_2&#8243; admin_label=&#8221;BLURB MODULE TEMPLATE 20&#8243; _builder_version=&#8221;4.9.9&#8243; _module_preset=&#8221;default&#8221;][et_pb_column type=&#8221;1_2&#8243; _builder_version=&#8221;4.5.6&#8243; _module_preset=&#8221;default&#8221; custom_css_main_element_last_edited=&#8221;on|tablet&#8221; custom_css_main_element_tablet=&#8221;||&#8221;][et_pb_blurb image=&#8221;https:\/\/www.park-cirkulane.si\/wp-content\/uploads\/00-WWW-Slike\/0-www-vsebina\/park-cirkulane-kolarnica-02.jpg&#8221; image_max_width=&#8221;89%&#8221; admin_label=&#8221;Style 20&#8243; module_class=&#8221;et_pb_blurb_dct_1_20&#8243; _builder_version=&#8221;4.9.9&#8243; _module_preset=&#8221;default&#8221; header_font=&#8221;|700||||on|||&#8221; header_text_align=&#8221;center&#8221; header_text_color=&#8221;#000000&#8243; header_font_size=&#8221;20px&#8221; body_text_align=&#8221;center&#8221; body_text_color=&#8221;#353535&#8243; body_font_size=&#8221;16px&#8221; body_line_height=&#8221;28px&#8221; background_color=&#8221;#FFFFFF&#8221; positioning=&#8221;relative&#8221; custom_padding=&#8221;10px|20px||20px|false|false&#8221; hover_enabled=&#8221;0&#8243; custom_css_before=&#8221;content: %22%22;||border-top: 0 solid #bd9a38;||border-right: 0 solid transparent;||position: absolute;||left: 0;||top: 0;||z-index: 1;||transition: all 0.3s ease 0s;&#8221; custom_css_after=&#8221;content: %22%22;||border-bottom: 0 solid #bd9a38;||border-left: 0 solid transparent;||position: absolute;||bottom: 0;||right: 0;||z-index: 1;||transition: all 0.3s ease 0s;&#8221; custom_css_blurb_title=&#8221; margin: 0 0 10px 0;||transition: all 0.5s ease 0s;&#8221; custom_css_blurb_content=&#8221;transition: all 0.5s ease 0s;&#8221; border_width_top=&#8221;3px&#8221; border_color_top=&#8221;#bd9a38&#8243; border_width_bottom=&#8221;3px&#8221; border_color_bottom=&#8221;#bd9a38&#8243; locked=&#8221;off&#8221; custom_css_before__hover_enabled=&#8221;on|desktop&#8221; custom_css_before__hover=&#8221;border-top-width: 78px;||border-right-width: 78px;&#8221; custom_css_after__hover_enabled=&#8221;on|hover&#8221; custom_css_after__hover=&#8221;border-bottom-width: 78px;||border-left-width: 78px;&#8221; transform_styles__hover_enabled=&#8221;on|desktop&#8221; border_radii__hover_enabled=&#8221;on|desktop&#8221; transform_scale__hover_enabled=&#8221;on|desktop&#8221; transform_translate__hover_enabled=&#8221;on|desktop&#8221; transform_rotate__hover_enabled=&#8221;on|desktop&#8221; transform_skew__hover_enabled=&#8221;on|desktop&#8221; transform_origin__hover_enabled=&#8221;on|desktop&#8221; disabled_on=&#8221;off|off|off&#8221; sticky_enabled=&#8221;0&#8243;][\/et_pb_blurb][\/et_pb_column][et_pb_column type=&#8221;1_2&#8243; _builder_version=&#8221;4.5.6&#8243; _module_preset=&#8221;default&#8221; custom_css_main_element_last_edited=&#8221;on|tablet&#8221; custom_css_main_element_tablet=&#8221;||&#8221;][et_pb_blurb title=&#8221;Najem prostora&#8221; url=&#8221;https:\/\/www.park-cirkulane.si\/park-dediscine\/&#8221; admin_label=&#8221;Style 20&#8243; module_class=&#8221;et_pb_blurb_dct_1_20&#8243; _builder_version=&#8221;4.9.9&#8243; _module_preset=&#8221;default&#8221; header_font=&#8221;|700||||on|||&#8221; header_text_align=&#8221;center&#8221; header_text_color=&#8221;#000000&#8243; header_font_size=&#8221;20px&#8221; body_text_align=&#8221;center&#8221; body_text_color=&#8221;#353535&#8243; body_font_size=&#8221;16px&#8221; body_line_height=&#8221;28px&#8221; background_color=&#8221;#FFFFFF&#8221; positioning=&#8221;relative&#8221; custom_padding=&#8221;25px|30px|25px|30px|true|true&#8221; hover_enabled=&#8221;0&#8243; custom_css_before=&#8221;content: %22%22;||border-top: 0 solid #bd9a38;||border-right: 0 solid transparent;||position: absolute;||left: 0;||top: 0;||z-index: 1;||transition: all 0.3s ease 0s;&#8221; custom_css_after=&#8221;content: %22%22;||border-bottom: 0 solid #bd9a38;||border-left: 0 solid transparent;||position: absolute;||bottom: 0;||right: 0;||z-index: 1;||transition: all 0.3s ease 0s;&#8221; custom_css_blurb_title=&#8221; margin: 0 0 10px 0;||transition: all 0.5s ease 0s;&#8221; custom_css_blurb_content=&#8221;transition: all 0.5s ease 0s;&#8221; border_width_top=&#8221;3px&#8221; border_color_top=&#8221;#bd9a38&#8243; border_width_bottom=&#8221;3px&#8221; border_color_bottom=&#8221;#bd9a38&#8243; locked=&#8221;off&#8221; custom_css_before__hover_enabled=&#8221;on|desktop&#8221; custom_css_before__hover=&#8221;border-top-width: 78px;||border-right-width: 78px;&#8221; custom_css_after__hover_enabled=&#8221;on|hover&#8221; custom_css_after__hover=&#8221;border-bottom-width: 78px;||border-left-width: 78px;&#8221; transform_styles__hover_enabled=&#8221;on|desktop&#8221; transform_scale__hover_enabled=&#8221;on|desktop&#8221; transform_translate__hover_enabled=&#8221;on|desktop&#8221; transform_rotate__hover_enabled=&#8221;on|desktop&#8221; transform_skew__hover_enabled=&#8221;on|desktop&#8221; transform_origin__hover_enabled=&#8221;on|desktop&#8221; border_radii__hover_enabled=&#8221;on|desktop&#8221; disabled_on=&#8221;off|off|off&#8221; sticky_enabled=&#8221;0&#8243;]<\/p>\n<p>Za izvedbo kulturnih, etnolo\u0161kih in kulinari\u010dnih javnih dogodkov dru\u0161tev ali javnih zavodov ali za izvedbo tr\u017enih dogodkov, dogodkov z vstopnino organizacij in podjetij lahko najamete zunanji prostor pri parku dedi\u0161\u010dine z WC-ji, souporabo priro\u010dne kuhinje in prostora v kolarnici.<\/p>\n<p><u>Vloga in pogoji za najem prostora. <\/u><\/p>\n<p>[\/et_pb_blurb][\/et_pb_column][\/et_pb_row][et_pb_row _builder_version=&#8221;4.5.3&#8243; _module_preset=&#8221;default&#8221; custom_margin=&#8221;||0px||false|false&#8221; custom_padding=&#8221;||0px||false|false&#8221;][et_pb_column type=&#8221;4_4&#8243; _builder_version=&#8221;4.5.3&#8243; _module_preset=&#8221;default&#8221;][et_pb_code admin_label=&#8221;TEMPLATE 20  Style 20 CSS&#8221; _builder_version=&#8221;4.9.9&#8243; _module_preset=&#8221;default&#8221; locked=&#8221;off&#8221;]<\/p>\n<style><!-- [et_pb_line_break_holder] -->.et_pb_blurb_dct_1_20 .et_pb_blurb_content .et_pb_main_blurb_image .et_pb_image_wrap .et-pb-icon{<!-- [et_pb_line_break_holder] -->    display: inline-block;<!-- [et_pb_line_break_holder] -->    width: 100px;<!-- [et_pb_line_break_holder] -->    height: 100px;<!-- [et_pb_line_break_holder] -->    line-height: 50px;<!-- [et_pb_line_break_holder] -->    border-radius: 20px;<!-- [et_pb_line_break_holder] -->    border: 2px solid;<!-- [et_pb_line_break_holder] -->    margin-bottom: 20px;<!-- [et_pb_line_break_holder] -->    position: relative;<!-- [et_pb_line_break_holder] -->}<!-- [et_pb_line_break_holder] -->@media only screen and (max-width:990px){<!-- [et_pb_line_break_holder] -->    .et_pb_blurb_dct_1_20{ margin-bottom: 30px; }<!-- [et_pb_line_break_holder] -->}<!-- [et_pb_line_break_holder] --><\/style>\n<p>[\/et_pb_code][\/et_pb_column][\/et_pb_row][\/et_pb_section]<\/p>","protected":false},"excerpt":{"rendered":"<p>[et_pb_section fb_built=&#8221;1&#8243; fullwidth=&#8221;on&#8221; _builder_version=&#8221;4.9.9&#8243; _module_preset=&#8221;default&#8221; background_image=&#8221;https:\/\/www.park-cirkulane.si\/wp-content\/uploads\/00-WWW-Slike\/Naslovi-backgrunds\/bg-naslov-02.jpg&#8221; background_position=&#8221;bottom_center&#8221; background_last_edited=&#8221;on|phone&#8221; background_position_tablet=&#8221;center_right&#8221; background_position_phone=&#8221;center&#8221; locked=&#8221;off&#8221;][et_pb_fullwidth_post_title meta=&#8221;off&#8221; featured_image=&#8221;off&#8221; _builder_version=&#8221;4.9.9&#8243; _module_preset=&#8221;default&#8221; title_font=&#8221;Fredericka the Great|600||on|||||&#8221; title_text_align=&#8221;center&#8221; title_text_color=&#8221;#FFFFFF&#8221; title_font_size=&#8221;34px&#8221; title_letter_spacing=&#8221;3px&#8221; use_background_color_gradient=&#8221;on&#8221; background_color_gradient_start=&#8221;rgba(0,0,0,0.82)&#8221; background_color_gradient_end=&#8221;rgba(0,0,0,0)&#8221; background_color_gradient_direction=&#8221;90deg&#8221; custom_padding=&#8221;50px||40px||false|false&#8221; custom_padding_tablet=&#8221;&#8221; custom_padding_phone=&#8221;40px||30px||false|false&#8221; custom_padding_last_edited=&#8221;on|phone&#8221; title_text_align_tablet=&#8221;&#8221; title_text_align_phone=&#8221;center&#8221; title_text_align_last_edited=&#8221;on|desktop&#8221; title_font_size_tablet=&#8221;28px&#8221; title_font_size_phone=&#8221;22px&#8221; title_font_size_last_edited=&#8221;on|phone&#8221; custom_padding__hover_enabled=&#8221;off|desktop&#8221;][\/et_pb_fullwidth_post_title][\/et_pb_section][et_pb_section fb_built=&#8221;1&#8243; admin_label=&#8221;Blurb_Style_20&#8243; _builder_version=&#8221;4.9.9&#8243; _module_preset=&#8221;default&#8221; background_color=&#8221;#eaeaea&#8221; custom_margin=&#8221;0px||0px||false|false&#8221; custom_padding=&#8221;0px||0px||false|false&#8221;][et_pb_row column_structure=&#8221;1_2,1_2&#8243; admin_label=&#8221;BLURB MODULE TEMPLATE 20&#8243; _builder_version=&#8221;4.9.9&#8243; _module_preset=&#8221;default&#8221;][et_pb_column type=&#8221;1_2&#8243; _builder_version=&#8221;4.5.6&#8243; _module_preset=&#8221;default&#8221; custom_css_main_element_last_edited=&#8221;on|tablet&#8221; [&hellip;]<\/p>","protected":false},"author":1,"featured_media":0,"parent":0,"menu_order":6,"comment_status":"closed","ping_status":"closed","template":"","meta":{"_et_pb_use_builder":"on","_et_pb_old_content":"","_et_gb_content_width":"","footnotes":""},"class_list":["post-4394776","page","type-page","status-publish","hentry"],"_links":{"self":[{"href":"https:\/\/www.park-cirkulane.si\/en\/wp-json\/wp\/v2\/pages\/4394776","targetHints":{"allow":["GET"]}}],"collection":[{"href":"https:\/\/www.park-cirkulane.si\/en\/wp-json\/wp\/v2\/pages"}],"about":[{"href":"https:\/\/www.park-cirkulane.si\/en\/wp-json\/wp\/v2\/types\/page"}],"author":[{"embeddable":true,"href":"https:\/\/www.park-cirkulane.si\/en\/wp-json\/wp\/v2\/users\/1"}],"replies":[{"embeddable":true,"href":"https:\/\/www.park-cirkulane.si\/en\/wp-json\/wp\/v2\/comments?post=4394776"}],"version-history":[{"count":10,"href":"https:\/\/www.park-cirkulane.si\/en\/wp-json\/wp\/v2\/pages\/4394776\/revisions"}],"predecessor-version":[{"id":4394907,"href":"https:\/\/www.park-cirkulane.si\/en\/wp-json\/wp\/v2\/pages\/4394776\/revisions\/4394907"}],"wp:attachment":[{"href":"https:\/\/www.park-cirkulane.si\/en\/wp-json\/wp\/v2\/media?parent=4394776"}],"curies":[{"name":"wp","href":"https:\/\/api.w.org\/{rel}","templated":true}]}}