{"id":4394507,"date":"2021-08-25T08:13:32","date_gmt":"2021-08-25T08:13:32","guid":{"rendered":"https:\/\/www.park-cirkulane.si\/informacije-copy\/"},"modified":"2025-05-13T21:44:45","modified_gmt":"2025-05-13T21:44:45","slug":"odpiralni-cas","status":"publish","type":"page","link":"https:\/\/www.park-cirkulane.si\/en\/odpiralni-cas\/","title":{"rendered":"Odpiralni \u010das"},"content":{"rendered":"<p>[et_pb_section fb_built=&#8221;1&#8243; fullwidth=&#8221;on&#8221; _builder_version=&#8221;4.9.9&#8243; _module_preset=&#8221;default&#8221; background_image=&#8221;https:\/\/www.park-cirkulane.si\/wp-content\/uploads\/00-WWW-Slike\/Naslovi-backgrunds\/bg-naslov-06.jpg&#8221; background_position=&#8221;top_center&#8221; background_last_edited=&#8221;on|phone&#8221; background_position_tablet=&#8221;center_right&#8221; background_position_phone=&#8221;center&#8221; locked=&#8221;off&#8221;][et_pb_fullwidth_post_title meta=&#8221;off&#8221; featured_image=&#8221;off&#8221; _builder_version=&#8221;4.9.9&#8243; _module_preset=&#8221;default&#8221; title_font=&#8221;Fredericka the Great|700||on|||||&#8221; title_text_align=&#8221;center&#8221; title_text_color=&#8221;#FFFFFF&#8221; title_font_size=&#8221;36px&#8221; title_letter_spacing=&#8221;2px&#8221; background_color_gradient_direction=&#8221;90deg&#8221; custom_padding=&#8221;50px||40px||false|false&#8221; custom_padding_tablet=&#8221;&#8221; custom_padding_phone=&#8221;40px||30px||false|false&#8221; custom_padding_last_edited=&#8221;on|phone&#8221; title_text_align_tablet=&#8221;&#8221; title_text_align_phone=&#8221;center&#8221; title_text_align_last_edited=&#8221;on|phone&#8221; title_font_size_tablet=&#8221;28px&#8221; title_font_size_phone=&#8221;24px&#8221; title_font_size_last_edited=&#8221;on|desktop&#8221; custom_padding__hover_enabled=&#8221;off|desktop&#8221;][\/et_pb_fullwidth_post_title][\/et_pb_section][et_pb_section fb_built=&#8221;1&#8243; admin_label=&#8221;contact-fomr-6&#8243; _builder_version=&#8221;4.8.2&#8243; _module_preset=&#8221;default&#8221; background_color=&#8221;#FFFFFF&#8221;][et_pb_row column_structure=&#8221;2_3,1_3&#8243; _builder_version=&#8221;4.5.3&#8243; _module_preset=&#8221;default&#8221;][et_pb_column type=&#8221;2_3&#8243; _builder_version=&#8221;4.5.3&#8243; _module_preset=&#8221;default&#8221;][et_pb_text _builder_version=&#8221;4.9.9&#8243; _module_preset=&#8221;default&#8221; text_font=&#8221;|600||on|||||&#8221; text_text_color=&#8221;#333&#8243; text_font_size=&#8221;27px&#8221; custom_padding=&#8221;||20px||false|false&#8221; custom_css_before=&#8221;bottom: -2px;||content: %22%22;||height: 2px;||position: absolute;||width: 34px;background-color: #CFA968 !important;&#8221; border_width_bottom=&#8221;1px&#8221; border_color_bottom=&#8221;#f1f1f1&#8243;]<\/p>\n<p>Odpiralni \u010das<\/p>\n<p>[\/et_pb_text][et_pb_text _builder_version=&#8221;4.9.9&#8243; _module_preset=&#8221;default&#8221; text_font_size=&#8221;20px&#8221;]<\/p>\n<p>Za skupine in posameznike je po predhodnem dogovoru Park dedi\u0161\u010dine Cirkulane odprt vse dni v tednu.<\/p>\n<p>[\/et_pb_text][\/et_pb_column][et_pb_column type=&#8221;1_3&#8243; _builder_version=&#8221;4.5.3&#8243; _module_preset=&#8221;default&#8221;][et_pb_text _builder_version=&#8221;4.9.9&#8243; _module_preset=&#8221;default&#8221; text_font=&#8221;|600||on|||||&#8221; text_text_color=&#8221;#333&#8243; text_font_size=&#8221;27px&#8221; custom_padding=&#8221;||20px||false|false&#8221; custom_css_before=&#8221;bottom: -2px;||content: %22%22;||height: 2px;||position: absolute;||width: 34px;background-color: #CFA968 !important;&#8221; border_width_bottom=&#8221;1px&#8221; border_color_bottom=&#8221;#f1f1f1&#8243;]<\/p>\n<p>REzervirajte termin<\/p>\n<p>[\/et_pb_text][et_pb_blurb title=&#8221;TIC Haloze&#8221; use_icon=&#8221;on&#8221; font_icon=&#8221;%%249%%&#8221; icon_color=&#8221;#cfa968&#8243; use_circle=&#8221;on&#8221; circle_color=&#8221;rgba(0,0,0,0)&#8221; use_circle_border=&#8221;on&#8221; circle_border_color=&#8221;#cfa968&#8243; icon_placement=&#8221;left&#8221; content_max_width=&#8221;100%&#8221; use_icon_font_size=&#8221;on&#8221; icon_font_size=&#8221;25px&#8221; _builder_version=&#8221;4.9.9&#8243; _module_preset=&#8221;default&#8221; header_font=&#8221;|600|||||||&#8221; header_font_size=&#8221;18px&#8221; background_color=&#8221;#ffffff&#8221; custom_margin=&#8221;||10px||false|false&#8221; custom_padding=&#8221;30px|30px|30px|30px|true|true&#8221; custom_css_main_element=&#8221;position: relative;||-webkit-transition: all 240ms linear 0ms;||-khtml-transition: all 240ms linear 0ms;||-moz-transition: all 240ms linear 0ms;||-ms-transition: all 240ms linear 0ms;||-o-transition: all 240ms linear 0ms;||transition: all 240ms linear 0ms;||&#8221; custom_css_blurb_image=&#8221;width:40px;&#8221; border_width_all=&#8221;1px&#8221; border_color_all=&#8221;#e9eaf6&#8243; custom_css_main_element__hover_enabled=&#8221;on|desktop&#8221; custom_css_main_element__hover=&#8221;-webkit-box-shadow: 0 13px 29px rgba(2,21,78,.17);||-khtml-box-shadow: 0 13px 29px rgba(2,21,78,.17);||-moz-box-shadow: 0 13px 29px rgba(2,21,78,.17);||-ms-box-shadow: 0 13px 29px rgba(2,21,78,.17);||-o-box-shadow: 0 13px 29px rgba(2,21,78,.17);||box-shadow: 0 13px 29px rgba(2,21,78,.17);&#8221;]<\/p>\n<p>Cirkulane 56<br \/>2282 Cirkulane<\/p>\n<p>[\/et_pb_blurb][et_pb_blurb title=&#8221;Telefon&#8221; use_icon=&#8221;on&#8221; font_icon=&#8221;%%264%%&#8221; icon_color=&#8221;#cfa968&#8243; use_circle=&#8221;on&#8221; circle_color=&#8221;rgba(0,0,0,0)&#8221; use_circle_border=&#8221;on&#8221; circle_border_color=&#8221;#cfa968&#8243; icon_placement=&#8221;left&#8221; content_max_width=&#8221;100%&#8221; use_icon_font_size=&#8221;on&#8221; icon_font_size=&#8221;25px&#8221; _builder_version=&#8221;4.9.9&#8243; _module_preset=&#8221;default&#8221; header_font=&#8221;|600|||||||&#8221; header_font_size=&#8221;19px&#8221; background_color=&#8221;#ffffff&#8221; custom_padding=&#8221;30px|30px|30px|30px|true|true&#8221; custom_css_main_element=&#8221;position: relative;||-webkit-transition: all 240ms linear 0ms;||-khtml-transition: all 240ms linear 0ms;||-moz-transition: all 240ms linear 0ms;||-ms-transition: all 240ms linear 0ms;||-o-transition: all 240ms linear 0ms;||transition: all 240ms linear 0ms;||&#8221; custom_css_blurb_image=&#8221;width:40px;&#8221; border_width_all=&#8221;1px&#8221; border_color_all=&#8221;#e9eaf6&#8243; custom_css_main_element__hover=&#8221;-webkit-box-shadow: 0 13px 29px rgba(2,21,78,.17);||-khtml-box-shadow: 0 13px 29px rgba(2,21,78,.17);||-moz-box-shadow: 0 13px 29px rgba(2,21,78,.17);||-ms-box-shadow: 0 13px 29px rgba(2,21,78,.17);||-o-box-shadow: 0 13px 29px rgba(2,21,78,.17);||box-shadow: 0 13px 29px rgba(2,21,78,.17);&#8221; custom_css_main_element__hover_enabled=&#8221;on|desktop&#8221;]<\/p>\n<p>(02) 795 32 00<\/p>\n<p>[\/et_pb_blurb][et_pb_blurb title=&#8221;Elektronska po\u0161ta&#8221; use_icon=&#8221;on&#8221; font_icon=&#8221;%%238%%&#8221; icon_color=&#8221;#cfa968&#8243; use_circle=&#8221;on&#8221; circle_color=&#8221;rgba(0,0,0,0)&#8221; use_circle_border=&#8221;on&#8221; circle_border_color=&#8221;#cfa968&#8243; icon_placement=&#8221;left&#8221; content_max_width=&#8221;100%&#8221; use_icon_font_size=&#8221;on&#8221; icon_font_size=&#8221;25px&#8221; _builder_version=&#8221;4.9.9&#8243; _module_preset=&#8221;default&#8221; header_font=&#8221;|600|||||||&#8221; header_font_size=&#8221;19px&#8221; body_line_height=&#8221;1.4em&#8221; body_link_text_color=&#8221;#000000&#8243; background_color=&#8221;#ffffff&#8221; custom_margin=&#8221;||10px||false|false&#8221; custom_padding=&#8221;30px|30px|30px|30px|true|true&#8221; custom_css_main_element=&#8221;position: relative;||-webkit-transition: all 240ms linear 0ms;||-khtml-transition: all 240ms linear 0ms;||-moz-transition: all 240ms linear 0ms;||-ms-transition: all 240ms linear 0ms;||-o-transition: all 240ms linear 0ms;||transition: all 240ms linear 0ms;||&#8221; custom_css_blurb_image=&#8221;width:40px;&#8221; border_width_all=&#8221;1px&#8221; border_color_all=&#8221;#e9eaf6&#8243; custom_css_main_element__hover=&#8221;-webkit-box-shadow: 0 13px 29px rgba(2,21,78,.17);||-khtml-box-shadow: 0 13px 29px rgba(2,21,78,.17);||-moz-box-shadow: 0 13px 29px rgba(2,21,78,.17);||-ms-box-shadow: 0 13px 29px rgba(2,21,78,.17);||-o-box-shadow: 0 13px 29px rgba(2,21,78,.17);||box-shadow: 0 13px 29px rgba(2,21,78,.17);&#8221; custom_css_main_element__hover_enabled=&#8221;on|desktop&#8221;]<\/p>\n<p><a href=\"mailto:info@park-cirkulane.si\">info@park-cirkulane.si<\/a><\/p>\n<p><a href=\"mailto:turizem@halo.si\">turizem@halo.si<\/a><\/p>\n<p>&nbsp;<\/p>\n<p>[\/et_pb_blurb][\/et_pb_column][\/et_pb_row][et_pb_row _builder_version=&#8221;4.5.3&#8243; _module_preset=&#8221;default&#8221;][et_pb_column type=&#8221;4_4&#8243; _builder_version=&#8221;4.5.3&#8243; _module_preset=&#8221;default&#8221;][et_pb_text _builder_version=&#8221;4.9.7&#8243; _module_preset=&#8221;default&#8221; text_font=&#8221;|600||on|||||&#8221; text_text_color=&#8221;#333&#8243; text_font_size=&#8221;30px&#8221; custom_padding=&#8221;||20px||false|false&#8221; text_font_size_tablet=&#8221;25px&#8221; text_font_size_phone=&#8221;20px&#8221; text_font_size_last_edited=&#8221;on|phone&#8221; custom_css_before=&#8221;bottom: -2px;||content: %22%22;||height: 2px;||position: absolute;||width: 34px;background-color: #CFA968 !important;&#8221; border_width_bottom=&#8221;1px&#8221; border_color_bottom=&#8221;#f1f1f1&#8243;]<\/p>\n<p>Imate sporo\u010dilo za nas?<\/p>\n<p>[\/et_pb_text][et_pb_contact_form captcha=&#8221;off&#8221; email=&#8221;sasa@dimenzija.si&#8221; custom_message=&#8221;Novo sporo\u010dilo iz spletne strani||et_pb_line_break_holder||Ime:  %%Name%%||et_pb_line_break_holder||Tel:  %%Phone%%||et_pb_line_break_holder||E-mail: %%Email%%||et_pb_line_break_holder||||et_pb_line_break_holder||Sporo\u010dilo:||et_pb_line_break_holder||%%Message%%&#8221; success_message=&#8221;Hvala za sporo\u010dilo. V kratkem vam odgovorimo&#8221; submit_button_text=&#8221;Po\u0161lji sporo\u010dilo&#8221; _builder_version=&#8221;4.9.9&#8243; _module_preset=&#8221;default&#8221; form_field_background_color=&#8221;rgba(255,255,255,0.94)&#8221; form_field_custom_margin=&#8221;||15px||false|false&#8221; title_font=&#8221;||||||||&#8221; title_text_color=&#8221;#ffffff&#8221; title_font_size=&#8221;28px&#8221; background_enable_color=&#8221;off&#8221; custom_button=&#8221;on&#8221; button_text_size=&#8221;16px&#8221; button_text_color=&#8221;#ffffff&#8221; button_bg_color=&#8221;#cfa968&#8243; button_border_width=&#8221;0px&#8221; button_border_radius=&#8221;50px&#8221; button_letter_spacing=&#8221;1px&#8221; button_font=&#8221;||||||||&#8221; button_use_icon=&#8221;off&#8221; button_custom_margin=&#8221;15px||||false|false&#8221; button_custom_padding=&#8221;10px|25px|10px|25px|true|true&#8221; custom_padding=&#8221;|0px||0px|false|true&#8221; custom_padding_tablet=&#8221;|0px||0px|false|true&#8221; custom_padding_phone=&#8221;&#8221; custom_padding_last_edited=&#8221;on|tablet&#8221; custom_css_contact_title=&#8221;padding-bottom:25px;&#8221; border_width_all=&#8221;1px&#8221; border_color_all=&#8221;#333&#8243; border_style_all=&#8221;dashed&#8221; custom_css_contact_button__hover_enabled=&#8221;off|desktop&#8221; custom_css_contact_button__hover=&#8221;background: linear-gradient(90deg, #285acc 0%, #0092ff 100%) !important;&#8221;][et_pb_contact_field field_id=&#8221;Name&#8221; field_title=&#8221;Ime&#8221; _builder_version=&#8221;4.9.7&#8243; button_text_size__hover_enabled=&#8221;off&#8221; button_one_text_size__hover_enabled=&#8221;off&#8221; button_two_text_size__hover_enabled=&#8221;off&#8221; button_text_color__hover_enabled=&#8221;off&#8221; button_one_text_color__hover_enabled=&#8221;off&#8221; button_two_text_color__hover_enabled=&#8221;off&#8221; button_border_width__hover_enabled=&#8221;off&#8221; button_one_border_width__hover_enabled=&#8221;off&#8221; button_two_border_width__hover_enabled=&#8221;off&#8221; button_border_color__hover_enabled=&#8221;off&#8221; button_one_border_color__hover_enabled=&#8221;off&#8221; button_two_border_color__hover_enabled=&#8221;off&#8221; button_border_radius__hover_enabled=&#8221;off&#8221; button_one_border_radius__hover_enabled=&#8221;off&#8221; button_two_border_radius__hover_enabled=&#8221;off&#8221; button_letter_spacing__hover_enabled=&#8221;off&#8221; button_one_letter_spacing__hover_enabled=&#8221;off&#8221; button_two_letter_spacing__hover_enabled=&#8221;off&#8221; button_bg_color__hover_enabled=&#8221;off&#8221; button_one_bg_color__hover_enabled=&#8221;off&#8221; button_two_bg_color__hover_enabled=&#8221;off&#8221;][\/et_pb_contact_field][et_pb_contact_field field_id=&#8221;Phone&#8221; field_title=&#8221;Telefon&#8221; allowed_symbols=&#8221;numbers&#8221; _builder_version=&#8221;4.9.7&#8243; button_text_size__hover_enabled=&#8221;off&#8221; button_one_text_size__hover_enabled=&#8221;off&#8221; button_two_text_size__hover_enabled=&#8221;off&#8221; button_text_color__hover_enabled=&#8221;off&#8221; button_one_text_color__hover_enabled=&#8221;off&#8221; button_two_text_color__hover_enabled=&#8221;off&#8221; button_border_width__hover_enabled=&#8221;off&#8221; button_one_border_width__hover_enabled=&#8221;off&#8221; button_two_border_width__hover_enabled=&#8221;off&#8221; button_border_color__hover_enabled=&#8221;off&#8221; button_one_border_color__hover_enabled=&#8221;off&#8221; button_two_border_color__hover_enabled=&#8221;off&#8221; button_border_radius__hover_enabled=&#8221;off&#8221; button_one_border_radius__hover_enabled=&#8221;off&#8221; button_two_border_radius__hover_enabled=&#8221;off&#8221; button_letter_spacing__hover_enabled=&#8221;off&#8221; button_one_letter_spacing__hover_enabled=&#8221;off&#8221; button_two_letter_spacing__hover_enabled=&#8221;off&#8221; button_bg_color__hover_enabled=&#8221;off&#8221; button_one_bg_color__hover_enabled=&#8221;off&#8221; button_two_bg_color__hover_enabled=&#8221;off&#8221;][\/et_pb_contact_field][et_pb_contact_field field_id=&#8221;Subject&#8221; field_title=&#8221;Zadeva&#8221; _builder_version=&#8221;4.9.7&#8243; button_text_size__hover_enabled=&#8221;off&#8221; button_one_text_size__hover_enabled=&#8221;off&#8221; button_two_text_size__hover_enabled=&#8221;off&#8221; button_text_color__hover_enabled=&#8221;off&#8221; button_one_text_color__hover_enabled=&#8221;off&#8221; button_two_text_color__hover_enabled=&#8221;off&#8221; button_border_width__hover_enabled=&#8221;off&#8221; button_one_border_width__hover_enabled=&#8221;off&#8221; button_two_border_width__hover_enabled=&#8221;off&#8221; button_border_color__hover_enabled=&#8221;off&#8221; button_one_border_color__hover_enabled=&#8221;off&#8221; button_two_border_color__hover_enabled=&#8221;off&#8221; button_border_radius__hover_enabled=&#8221;off&#8221; button_one_border_radius__hover_enabled=&#8221;off&#8221; button_two_border_radius__hover_enabled=&#8221;off&#8221; button_letter_spacing__hover_enabled=&#8221;off&#8221; button_one_letter_spacing__hover_enabled=&#8221;off&#8221; button_two_letter_spacing__hover_enabled=&#8221;off&#8221; button_bg_color__hover_enabled=&#8221;off&#8221; button_one_bg_color__hover_enabled=&#8221;off&#8221; button_two_bg_color__hover_enabled=&#8221;off&#8221;][\/et_pb_contact_field][et_pb_contact_field field_id=&#8221;Email&#8221; field_title=&#8221;E-Po\u0161ta&#8221; field_type=&#8221;email&#8221; _builder_version=&#8221;4.9.7&#8243; button_text_size__hover_enabled=&#8221;off&#8221; button_one_text_size__hover_enabled=&#8221;off&#8221; button_two_text_size__hover_enabled=&#8221;off&#8221; button_text_color__hover_enabled=&#8221;off&#8221; button_one_text_color__hover_enabled=&#8221;off&#8221; button_two_text_color__hover_enabled=&#8221;off&#8221; button_border_width__hover_enabled=&#8221;off&#8221; button_one_border_width__hover_enabled=&#8221;off&#8221; button_two_border_width__hover_enabled=&#8221;off&#8221; button_border_color__hover_enabled=&#8221;off&#8221; button_one_border_color__hover_enabled=&#8221;off&#8221; button_two_border_color__hover_enabled=&#8221;off&#8221; button_border_radius__hover_enabled=&#8221;off&#8221; button_one_border_radius__hover_enabled=&#8221;off&#8221; button_two_border_radius__hover_enabled=&#8221;off&#8221; button_letter_spacing__hover_enabled=&#8221;off&#8221; button_one_letter_spacing__hover_enabled=&#8221;off&#8221; button_two_letter_spacing__hover_enabled=&#8221;off&#8221; button_bg_color__hover_enabled=&#8221;off&#8221; button_one_bg_color__hover_enabled=&#8221;off&#8221; button_two_bg_color__hover_enabled=&#8221;off&#8221;][\/et_pb_contact_field][et_pb_contact_field field_id=&#8221;Message&#8221; field_title=&#8221;Sporo\u010dilo&#8221; field_type=&#8221;text&#8221; fullwidth_field=&#8221;on&#8221; _builder_version=&#8221;4.9.7&#8243; button_text_size__hover_enabled=&#8221;off&#8221; button_one_text_size__hover_enabled=&#8221;off&#8221; button_two_text_size__hover_enabled=&#8221;off&#8221; button_text_color__hover_enabled=&#8221;off&#8221; button_one_text_color__hover_enabled=&#8221;off&#8221; button_two_text_color__hover_enabled=&#8221;off&#8221; button_border_width__hover_enabled=&#8221;off&#8221; button_one_border_width__hover_enabled=&#8221;off&#8221; button_two_border_width__hover_enabled=&#8221;off&#8221; button_border_color__hover_enabled=&#8221;off&#8221; button_one_border_color__hover_enabled=&#8221;off&#8221; button_two_border_color__hover_enabled=&#8221;off&#8221; button_border_radius__hover_enabled=&#8221;off&#8221; button_one_border_radius__hover_enabled=&#8221;off&#8221; button_two_border_radius__hover_enabled=&#8221;off&#8221; button_letter_spacing__hover_enabled=&#8221;off&#8221; button_one_letter_spacing__hover_enabled=&#8221;off&#8221; button_two_letter_spacing__hover_enabled=&#8221;off&#8221; button_bg_color__hover_enabled=&#8221;off&#8221; button_one_bg_color__hover_enabled=&#8221;off&#8221; button_two_bg_color__hover_enabled=&#8221;off&#8221;][\/et_pb_contact_field][\/et_pb_contact_form][\/et_pb_column][\/et_pb_row][\/et_pb_section]<\/p>","protected":false},"excerpt":{"rendered":"<p>[et_pb_section fb_built=&#8221;1&#8243; fullwidth=&#8221;on&#8221; _builder_version=&#8221;4.9.9&#8243; _module_preset=&#8221;default&#8221; background_image=&#8221;https:\/\/www.park-cirkulane.si\/wp-content\/uploads\/00-WWW-Slike\/Naslovi-backgrunds\/bg-naslov-06.jpg&#8221; background_position=&#8221;top_center&#8221; background_last_edited=&#8221;on|phone&#8221; background_position_tablet=&#8221;center_right&#8221; background_position_phone=&#8221;center&#8221; locked=&#8221;off&#8221;][et_pb_fullwidth_post_title meta=&#8221;off&#8221; featured_image=&#8221;off&#8221; _builder_version=&#8221;4.9.9&#8243; _module_preset=&#8221;default&#8221; title_font=&#8221;Fredericka the Great|700||on|||||&#8221; title_text_align=&#8221;center&#8221; title_text_color=&#8221;#FFFFFF&#8221; title_font_size=&#8221;36px&#8221; title_letter_spacing=&#8221;2px&#8221; background_color_gradient_direction=&#8221;90deg&#8221; custom_padding=&#8221;50px||40px||false|false&#8221; custom_padding_tablet=&#8221;&#8221; custom_padding_phone=&#8221;40px||30px||false|false&#8221; custom_padding_last_edited=&#8221;on|phone&#8221; title_text_align_tablet=&#8221;&#8221; title_text_align_phone=&#8221;center&#8221; title_text_align_last_edited=&#8221;on|phone&#8221; title_font_size_tablet=&#8221;28px&#8221; title_font_size_phone=&#8221;24px&#8221; title_font_size_last_edited=&#8221;on|desktop&#8221; custom_padding__hover_enabled=&#8221;off|desktop&#8221;][\/et_pb_fullwidth_post_title][\/et_pb_section][et_pb_section fb_built=&#8221;1&#8243; admin_label=&#8221;contact-fomr-6&#8243; _builder_version=&#8221;4.8.2&#8243; _module_preset=&#8221;default&#8221; background_color=&#8221;#FFFFFF&#8221;][et_pb_row column_structure=&#8221;2_3,1_3&#8243; _builder_version=&#8221;4.5.3&#8243; _module_preset=&#8221;default&#8221;][et_pb_column type=&#8221;2_3&#8243; _builder_version=&#8221;4.5.3&#8243; _module_preset=&#8221;default&#8221;][et_pb_text _builder_version=&#8221;4.9.9&#8243; _module_preset=&#8221;default&#8221; text_font=&#8221;|600||on|||||&#8221; text_text_color=&#8221;#333&#8243; text_font_size=&#8221;27px&#8221; custom_padding=&#8221;||20px||false|false&#8221; custom_css_before=&#8221;bottom: -2px;||content: %22%22;||height: 2px;||position: [&hellip;]<\/p>","protected":false},"author":1,"featured_media":0,"parent":0,"menu_order":3,"comment_status":"closed","ping_status":"closed","template":"","meta":{"_et_pb_use_builder":"on","_et_pb_old_content":"","_et_gb_content_width":"","footnotes":""},"class_list":["post-4394507","page","type-page","status-publish","hentry"],"_links":{"self":[{"href":"https:\/\/www.park-cirkulane.si\/en\/wp-json\/wp\/v2\/pages\/4394507","targetHints":{"allow":["GET"]}}],"collection":[{"href":"https:\/\/www.park-cirkulane.si\/en\/wp-json\/wp\/v2\/pages"}],"about":[{"href":"https:\/\/www.park-cirkulane.si\/en\/wp-json\/wp\/v2\/types\/page"}],"author":[{"embeddable":true,"href":"https:\/\/www.park-cirkulane.si\/en\/wp-json\/wp\/v2\/users\/1"}],"replies":[{"embeddable":true,"href":"https:\/\/www.park-cirkulane.si\/en\/wp-json\/wp\/v2\/comments?post=4394507"}],"version-history":[{"count":8,"href":"https:\/\/www.park-cirkulane.si\/en\/wp-json\/wp\/v2\/pages\/4394507\/revisions"}],"predecessor-version":[{"id":4394959,"href":"https:\/\/www.park-cirkulane.si\/en\/wp-json\/wp\/v2\/pages\/4394507\/revisions\/4394959"}],"wp:attachment":[{"href":"https:\/\/www.park-cirkulane.si\/en\/wp-json\/wp\/v2\/media?parent=4394507"}],"curies":[{"name":"wp","href":"https:\/\/api.w.org\/{rel}","templated":true}]}}