{"id":4394362,"date":"2021-08-24T14:25:09","date_gmt":"2021-08-24T14:25:09","guid":{"rendered":"https:\/\/www.park-cirkulane.si\/blozakovastala-copy\/"},"modified":"2021-08-25T10:04:46","modified_gmt":"2021-08-25T10:04:46","slug":"kolarnica-s-skednjem","status":"publish","type":"page","link":"https:\/\/www.park-cirkulane.si\/en\/kolarnica-s-skednjem\/","title":{"rendered":"Shed with barn"},"content":{"rendered":"<p>[et_pb_section fb_built=&#8221;1&#8243; fullwidth=&#8221;on&#8221; _builder_version=&#8221;4.9.9&#8243; _module_preset=&#8221;default&#8221; background_image=&#8221;https:\/\/www.park-cirkulane.si\/wp-content\/uploads\/00-WWW-Slike\/Naslovi-backgrunds\/bg-naslov-02.jpg&#8221; background_position=&#8221;bottom_center&#8221; background_last_edited=&#8221;on|phone&#8221; background_position_tablet=&#8221;center_right&#8221; background_position_phone=&#8221;center&#8221; locked=&#8221;off&#8221;][et_pb_fullwidth_post_title meta=&#8221;off&#8221; featured_image=&#8221;off&#8221; _builder_version=&#8221;4.9.9&#8243; _module_preset=&#8221;default&#8221; title_font=&#8221;Fredericka the Great|600||on|||||&#8221; title_text_align=&#8221;center&#8221; title_text_color=&#8221;#FFFFFF&#8221; title_font_size=&#8221;34px&#8221; title_letter_spacing=&#8221;3px&#8221; use_background_color_gradient=&#8221;on&#8221; background_color_gradient_start=&#8221;rgba(0,0,0,0.82)&#8221; background_color_gradient_end=&#8221;rgba(0,0,0,0)&#8221; background_color_gradient_direction=&#8221;90deg&#8221; custom_padding=&#8221;50px||40px||false|false&#8221; custom_padding_tablet=&#8221;&#8221; custom_padding_phone=&#8221;40px||30px||false|false&#8221; custom_padding_last_edited=&#8221;on|phone&#8221; hover_enabled=&#8221;0&#8243; title_text_align_tablet=&#8221;&#8221; title_text_align_phone=&#8221;center&#8221; title_text_align_last_edited=&#8221;on|desktop&#8221; title_font_size_tablet=&#8221;28px&#8221; title_font_size_phone=&#8221;22px&#8221; title_font_size_last_edited=&#8221;on|phone&#8221; custom_padding__hover_enabled=&#8221;off|desktop&#8221; sticky_enabled=&#8221;0&#8243;][\/et_pb_fullwidth_post_title][\/et_pb_section][et_pb_section fb_built=&#8221;1&#8243; _builder_version=&#8221;4.9.9&#8243; _module_preset=&#8221;default&#8221; background_enable_image=&#8221;off&#8221; module_alignment=&#8221;center&#8221; custom_margin=&#8221;30px||||false|false&#8221; custom_padding=&#8221;0px||0px||false|false&#8221; locked=&#8221;off&#8221;][et_pb_row _builder_version=&#8221;4.9.9&#8243; _module_preset=&#8221;default&#8221; background_enable_image=&#8221;off&#8221; width=&#8221;100%&#8221; custom_margin=&#8221;||||false|true&#8221; custom_padding=&#8221;0px||0px||false|false&#8221;][et_pb_column type=&#8221;4_4&#8243; _builder_version=&#8221;4.9.9&#8243; _module_preset=&#8221;default&#8221; custom_padding=&#8221;0px|0px|0px|0px|true|false&#8221;][dnxte_minimal_image_hover image=&#8221;https:\/\/www.park-cirkulane.si\/wp-content\/uploads\/00-WWW-Slike\/0-www-vsebina\/park-cirkulane-kolarnica-02.jpg&#8221; dnxtmih_image_hover_effect=&#8221;effect1&#8243; _builder_version=&#8221;4.9.9&#8243; _module_preset=&#8221;default&#8221; module_alignment=&#8221;center&#8221; custom_margin=&#8221;0px|0px|0px|0px|true|true&#8221; custom_padding=&#8221;0px|40px|0px|40px|false|true&#8221;][\/dnxte_minimal_image_hover][\/et_pb_column][\/et_pb_row][\/et_pb_section][et_pb_section fb_built=&#8221;1&#8243; _builder_version=&#8221;4.9.9&#8243; custom_margin=&#8221;0px||0px||true|false&#8221; custom_padding=&#8221;0px|0px|0px|0px|true|false&#8221; locked=&#8221;off&#8221;][et_pb_row use_custom_gutter=&#8221;on&#8221; gutter_width=&#8221;1&#8243; make_equal=&#8221;on&#8221; module_class=&#8221;dct_abus_v11&#8243; _builder_version=&#8221;4.9.9&#8243; width=&#8221;100%&#8221; max_width=&#8221;100%&#8221; custom_margin=&#8221;30px||0px||false|false&#8221; custom_padding=&#8221;0px||0px&#8221; locked=&#8221;off&#8221;][et_pb_column type=&#8221;4_4&#8243; _builder_version=&#8221;4.9.9&#8243; background_enable_color=&#8221;off&#8221; custom_padding=&#8221;0%|5%|0%|5%|true|false&#8221; custom_padding__hover=&#8221;|||&#8221;][et_pb_text module_class=&#8221;dct_title left&#8221; _builder_version=&#8221;4.9.9&#8243; text_font=&#8221;Fredericka the Great|700||on|||||&#8221; text_font_size=&#8221;32px&#8221; text_line_height=&#8221;1.2em&#8221; header_font=&#8221;||||||||&#8221; header_2_font=&#8221;|700||on|||||&#8221; header_2_text_align=&#8221;left&#8221; header_2_text_color=&#8221;#110729&#8243; header_2_font_size=&#8221;30px&#8221; header_2_line_height=&#8221;1.2em&#8221; header_6_font=&#8221;|700||on|||||&#8221; header_6_text_align=&#8221;left&#8221; header_6_letter_spacing=&#8221;0.5px&#8221; text_orientation=&#8221;center&#8221; custom_margin=&#8221;0px||0px||true|false&#8221; custom_padding=&#8221;0px||0px||true|false&#8221; text_font_size_tablet=&#8221;&#8221; text_font_size_phone=&#8221;26px&#8221; text_font_size_last_edited=&#8221;on|phone&#8221; header_font_size_tablet=&#8221;&#8221; header_font_size_phone=&#8221;24px&#8221; header_font_size_last_edited=&#8221;on|phone&#8221;]<\/p>\n<p><strong>Shed with barn<\/strong><\/p>\n<p>[\/et_pb_text][et_pb_text _builder_version=&#8221;4.9.9&#8243; _module_preset=&#8221;default&#8221; text_font=&#8221;|600|||||||&#8221; text_font_size=&#8221;18px&#8221; text_orientation=&#8221;center&#8221; custom_margin=&#8221;20px|0px|20px|0px|false|false&#8221; custom_padding=&#8221;5px|10%|20px|10%|false|false&#8221; text_font_size_tablet=&#8221;&#8221; text_font_size_phone=&#8221;16px&#8221; text_font_size_last_edited=&#8221;on|phone&#8221;]<\/p>\n<p style=\"text-align: justify;\"><span>The shed is divided into a storage room for waggons (Slov. kolarnica) and a room for threshing grain - a barn (Slov. \u0161keden). In this wooden building of modern construction, we can find a large room with a stage and a small kitchen intended for gatherings, cultural, educational activities and other events. <\/span><\/p>\n<p style=\"text-align: justify;\">Opremljena sta s tradicionalnimi orodji, ki so jih uporabljali pri razli\u010dnih kme\u010dkih opravilih, ob tem pa slu\u017eita tudi kot prostor, namenjen dru\u017eenju, kulturno-izobra\u017eevalnim vsebinam in drugim dogodkom. V sklopu objekta sta urejena tudi manj\u0161a kuhinja in sanitarije za obiskovalce.<\/p>\n<p>[\/et_pb_text][\/et_pb_column][\/et_pb_row][\/et_pb_section][et_pb_section fb_built=&#8221;1&#8243; _builder_version=&#8221;4.9.9&#8243; _module_preset=&#8221;default&#8221; custom_padding=&#8221;7px|||||&#8221; locked=&#8221;off&#8221;][et_pb_row _builder_version=&#8221;4.9.9&#8243; _module_preset=&#8221;default&#8221;][et_pb_column type=&#8221;4_4&#8243; _builder_version=&#8221;4.9.9&#8243; _module_preset=&#8221;default&#8221;][\/et_pb_column][\/et_pb_row][\/et_pb_section]<\/p>","protected":false},"excerpt":{"rendered":"<p>[et_pb_section fb_built=&#8221;1&#8243; fullwidth=&#8221;on&#8221; _builder_version=&#8221;4.9.9&#8243; _module_preset=&#8221;default&#8221; background_image=&#8221;https:\/\/www.park-cirkulane.si\/wp-content\/uploads\/00-WWW-Slike\/Naslovi-backgrunds\/bg-naslov-02.jpg&#8221; background_position=&#8221;bottom_center&#8221; background_last_edited=&#8221;on|phone&#8221; background_position_tablet=&#8221;center_right&#8221; background_position_phone=&#8221;center&#8221; locked=&#8221;off&#8221;][et_pb_fullwidth_post_title meta=&#8221;off&#8221; featured_image=&#8221;off&#8221; _builder_version=&#8221;4.9.9&#8243; _module_preset=&#8221;default&#8221; title_font=&#8221;Fredericka the Great|600||on|||||&#8221; title_text_align=&#8221;center&#8221; title_text_color=&#8221;#FFFFFF&#8221; title_font_size=&#8221;34px&#8221; title_letter_spacing=&#8221;3px&#8221; use_background_color_gradient=&#8221;on&#8221; background_color_gradient_start=&#8221;rgba(0,0,0,0.82)&#8221; background_color_gradient_end=&#8221;rgba(0,0,0,0)&#8221; background_color_gradient_direction=&#8221;90deg&#8221; custom_padding=&#8221;50px||40px||false|false&#8221; custom_padding_tablet=&#8221;&#8221; custom_padding_phone=&#8221;40px||30px||false|false&#8221; custom_padding_last_edited=&#8221;on|phone&#8221; hover_enabled=&#8221;0&#8243; title_text_align_tablet=&#8221;&#8221; title_text_align_phone=&#8221;center&#8221; title_text_align_last_edited=&#8221;on|desktop&#8221; title_font_size_tablet=&#8221;28px&#8221; title_font_size_phone=&#8221;22px&#8221; title_font_size_last_edited=&#8221;on|phone&#8221; custom_padding__hover_enabled=&#8221;off|desktop&#8221; sticky_enabled=&#8221;0&#8243;][\/et_pb_fullwidth_post_title][\/et_pb_section][et_pb_section fb_built=&#8221;1&#8243; _builder_version=&#8221;4.9.9&#8243; _module_preset=&#8221;default&#8221; background_enable_image=&#8221;off&#8221; module_alignment=&#8221;center&#8221; custom_margin=&#8221;30px||||false|false&#8221; custom_padding=&#8221;0px||0px||false|false&#8221; locked=&#8221;off&#8221;][et_pb_row _builder_version=&#8221;4.9.9&#8243; _module_preset=&#8221;default&#8221; background_enable_image=&#8221;off&#8221; width=&#8221;100%&#8221; custom_margin=&#8221;||||false|true&#8221; custom_padding=&#8221;0px||0px||false|false&#8221;][et_pb_column type=&#8221;4_4&#8243; _builder_version=&#8221;4.9.9&#8243; [&hellip;]<\/p>","protected":false},"author":1,"featured_media":0,"parent":0,"menu_order":8,"comment_status":"closed","ping_status":"closed","template":"","meta":{"_et_pb_use_builder":"on","_et_pb_old_content":"","_et_gb_content_width":"","footnotes":""},"class_list":["post-4394362","page","type-page","status-publish","hentry"],"_links":{"self":[{"href":"https:\/\/www.park-cirkulane.si\/en\/wp-json\/wp\/v2\/pages\/4394362","targetHints":{"allow":["GET"]}}],"collection":[{"href":"https:\/\/www.park-cirkulane.si\/en\/wp-json\/wp\/v2\/pages"}],"about":[{"href":"https:\/\/www.park-cirkulane.si\/en\/wp-json\/wp\/v2\/types\/page"}],"author":[{"embeddable":true,"href":"https:\/\/www.park-cirkulane.si\/en\/wp-json\/wp\/v2\/users\/1"}],"replies":[{"embeddable":true,"href":"https:\/\/www.park-cirkulane.si\/en\/wp-json\/wp\/v2\/comments?post=4394362"}],"version-history":[{"count":14,"href":"https:\/\/www.park-cirkulane.si\/en\/wp-json\/wp\/v2\/pages\/4394362\/revisions"}],"predecessor-version":[{"id":4394583,"href":"https:\/\/www.park-cirkulane.si\/en\/wp-json\/wp\/v2\/pages\/4394362\/revisions\/4394583"}],"wp:attachment":[{"href":"https:\/\/www.park-cirkulane.si\/en\/wp-json\/wp\/v2\/media?parent=4394362"}],"curies":[{"name":"wp","href":"https:\/\/api.w.org\/{rel}","templated":true}]}}