{"id":4394234,"date":"2021-08-23T19:57:34","date_gmt":"2021-08-23T19:57:34","guid":{"rendered":"https:\/\/www.park-cirkulane.si\/objekti-copy\/"},"modified":"2021-08-25T10:04:42","modified_gmt":"2021-08-25T10:04:42","slug":"objekti","status":"publish","type":"page","link":"https:\/\/www.park-cirkulane.si\/en\/objekti\/","title":{"rendered":"Objekti"},"content":{"rendered":"<p>[et_pb_section fb_built=&#8221;1&#8243; fullwidth=&#8221;on&#8221; _builder_version=&#8221;4.9.9&#8243; _module_preset=&#8221;default&#8221; background_image=&#8221;https:\/\/www.park-cirkulane.si\/wp-content\/uploads\/00-WWW-Slike\/Naslovi-backgrunds\/bg-naslov-02.jpg&#8221; background_position=&#8221;bottom_center&#8221; background_last_edited=&#8221;on|phone&#8221; background_position_tablet=&#8221;center_right&#8221; background_position_phone=&#8221;center&#8221; locked=&#8221;off&#8221;][et_pb_fullwidth_post_title meta=&#8221;off&#8221; featured_image=&#8221;off&#8221; _builder_version=&#8221;4.9.9&#8243; _module_preset=&#8221;default&#8221; title_font=&#8221;Fredericka the Great|600||on|||||&#8221; title_text_align=&#8221;center&#8221; title_text_color=&#8221;#FFFFFF&#8221; title_font_size=&#8221;34px&#8221; title_letter_spacing=&#8221;3px&#8221; use_background_color_gradient=&#8221;on&#8221; background_color_gradient_start=&#8221;rgba(0,0,0,0.82)&#8221; background_color_gradient_end=&#8221;rgba(0,0,0,0)&#8221; background_color_gradient_direction=&#8221;90deg&#8221; custom_padding=&#8221;50px||40px||false|false&#8221; custom_padding_tablet=&#8221;&#8221; custom_padding_phone=&#8221;40px||30px||false|false&#8221; custom_padding_last_edited=&#8221;on|phone&#8221; hover_enabled=&#8221;0&#8243; title_text_align_tablet=&#8221;&#8221; title_text_align_phone=&#8221;center&#8221; title_text_align_last_edited=&#8221;on|desktop&#8221; title_font_size_tablet=&#8221;28px&#8221; title_font_size_phone=&#8221;22px&#8221; title_font_size_last_edited=&#8221;on|phone&#8221; custom_padding__hover_enabled=&#8221;off|desktop&#8221; sticky_enabled=&#8221;0&#8243;][\/et_pb_fullwidth_post_title][\/et_pb_section][et_pb_section fb_built=&#8221;1&#8243; _builder_version=&#8221;4.9.0&#8243; custom_padding=&#8221;0px|0px|0px|0px|true|false&#8221; locked=&#8221;off&#8221;][et_pb_row column_structure=&#8221;1_2,1_2&#8243; use_custom_gutter=&#8221;on&#8221; gutter_width=&#8221;1&#8243; make_equal=&#8221;on&#8221; module_class=&#8221;dct_abus_v11&#8243; _builder_version=&#8221;4.9.9&#8243; width=&#8221;100%&#8221; max_width=&#8221;100%&#8221; custom_padding=&#8221;0px||0px&#8221; locked=&#8221;off&#8221;][et_pb_column type=&#8221;1_2&#8243; _builder_version=&#8221;4.9.0&#8243; background_enable_color=&#8221;off&#8221; custom_padding=&#8221;5%|5%|5%|5%&#8221; custom_padding__hover=&#8221;|||&#8221;][et_pb_text module_class=&#8221;dct_title left&#8221; _builder_version=&#8221;4.9.9&#8243; text_font=&#8221;Fredericka the Great|600||on|||||&#8221; text_text_color=&#8221;#4d3604&#8243; text_font_size=&#8221;26px&#8221; text_line_height=&#8221;2.2em&#8221; header_font=&#8221;||||||||&#8221; header_text_color=&#8221;#4d3604&#8243; header_2_font=&#8221;|700||on|||||&#8221; header_2_text_align=&#8221;left&#8221; header_2_text_color=&#8221;#110729&#8243; header_2_font_size=&#8221;30px&#8221; header_2_line_height=&#8221;1.2em&#8221; header_6_font=&#8221;|700||on|||||&#8221; header_6_text_align=&#8221;left&#8221; header_6_letter_spacing=&#8221;0.5px&#8221; text_orientation=&#8221;center&#8221; custom_margin=&#8221;||4px|||&#8221; text_font_tablet=&#8221;&#8221; text_font_phone=&#8221;&#8221; text_font_last_edited=&#8221;on|phone&#8221;]<\/p>\n<p>The Blo\u017eak house<\/p>\n<p>[\/et_pb_text][et_pb_text _builder_version=&#8221;4.9.9&#8243; _module_preset=&#8221;default&#8221; text_font=&#8221;|600|||||||&#8221; text_font_size=&#8221;18px&#8221; text_orientation=&#8221;center&#8221; custom_margin=&#8221;10px|0px|10px|0px|false|false&#8221; custom_margin_tablet=&#8221;&#8221; custom_margin_phone=&#8221;&#8221; custom_margin_last_edited=&#8221;on|phone&#8221; custom_padding=&#8221;0px|10%|10px|10%|false|false&#8221;]<\/p>\n<p style=\"text-align: justify;\">The traditional house called \u201ccimpra\u010da\u201d, typical of the Slovene hill country Haloze, is built from logs plastered on both sides with a thick loam layer, with a roof thatched with straw. Original parts of the Blo\u017eak house from the nearby settlement of Gru\u0161kovec were used in the construction and it was named after the last owners who used the house as a vineyard cottage (Slov. vrh).<\/p>\n<p>[\/et_pb_text][dnxte_button button_text=&#8221;Ve\u010d&#8221; button_link=&#8221;\/blozakovahisa\/&#8221; dnxt_button_alignment=&#8221;center&#8221; btn_icon_color=&#8221;#ffffff&#8221; dnxt_hover_2d=&#8221;dnxt-hover-backward&#8221; dnxt_hover_bg=&#8221;dnxt-hover-shutter-in-vertical&#8221; dnxt_shutter_in_v_bg_color=&#8221;#8d6a18&#8243; dnxt_hover_bg_color=&#8221;#8d6a18&#8243; _builder_version=&#8221;4.9.9&#8243; _module_preset=&#8221;default&#8221; btn_fonts_text_color=&#8221;#ffffff&#8221; custom_margin=&#8221;0px||0px||false|false&#8221; custom_padding=&#8221;||||false|false&#8221; border_color_all_btn_border=&#8221;#FFFFFF&#8221;][\/dnxte_button][\/et_pb_column][et_pb_column type=&#8221;1_2&#8243; _builder_version=&#8221;4.9.9&#8243; background_image=&#8221;https:\/\/www.park-cirkulane.si\/wp-content\/uploads\/00-WWW-Slike\/Frontpage\/blozakova-hisa.jpg&#8221; custom_padding=&#8221;5%|5%|5%|5%&#8221; custom_padding__hover=&#8221;|||&#8221;][\/et_pb_column][\/et_pb_row][et_pb_row column_structure=&#8221;1_2,1_2&#8243; use_custom_gutter=&#8221;on&#8221; gutter_width=&#8221;1&#8243; make_equal=&#8221;on&#8221; module_class=&#8221;dct_abus_v11&#8243; _builder_version=&#8221;4.9.9&#8243; width=&#8221;100%&#8221; max_width=&#8221;100%&#8221; custom_padding=&#8221;0px||0px&#8221; locked=&#8221;off&#8221;][et_pb_column type=&#8221;1_2&#8243; _builder_version=&#8221;4.9.9&#8243; background_image=&#8221;https:\/\/www.park-cirkulane.si\/wp-content\/uploads\/00-WWW-Slike\/Frontpage\/blozakova-stala.jpg&#8221; custom_padding=&#8221;5%|5%|5%|5%&#8221; custom_padding__hover=&#8221;|||&#8221;][\/et_pb_column][et_pb_column type=&#8221;1_2&#8243; _builder_version=&#8221;4.9.0&#8243; background_enable_color=&#8221;off&#8221; custom_padding=&#8221;5%|5%|5%|5%&#8221; custom_padding__hover=&#8221;|||&#8221;][et_pb_text module_class=&#8221;dct_title left&#8221; _builder_version=&#8221;4.9.9&#8243; text_font=&#8221;Fredericka the Great|600||on|||||&#8221; text_text_color=&#8221;#4d3604&#8243; text_font_size=&#8221;26px&#8221; text_line_height=&#8221;1.2em&#8221; header_font=&#8221;||||||||&#8221; header_text_color=&#8221;#4d3604&#8243; header_2_font=&#8221;|700||on|||||&#8221; header_2_text_align=&#8221;left&#8221; header_2_text_color=&#8221;#110729&#8243; header_2_font_size=&#8221;30px&#8221; header_2_line_height=&#8221;1.2em&#8221; header_6_font=&#8221;|700||on|||||&#8221; header_6_text_align=&#8221;left&#8221; header_6_letter_spacing=&#8221;0.5px&#8221; text_orientation=&#8221;center&#8221; custom_margin=&#8221;||4px|||&#8221; text_font_tablet=&#8221;&#8221; text_font_phone=&#8221;&#8221; text_font_last_edited=&#8221;on|phone&#8221;]<\/p>\n<p>The Blo\u017eak sty<\/p>\n<p>[\/et_pb_text][et_pb_text _builder_version=&#8221;4.9.9&#8243; _module_preset=&#8221;default&#8221; text_font=&#8221;|600|||||||&#8221; text_font_size=&#8221;18px&#8221; text_orientation=&#8221;center&#8221; custom_margin=&#8221;10px|0px|10px|0px|false|false&#8221; custom_margin_tablet=&#8221;&#8221; custom_margin_phone=&#8221;&#8221; custom_margin_last_edited=&#8221;on|phone&#8221; custom_padding=&#8221;0px|10%|10px|10%|false|false&#8221; locked=&#8221;off&#8221;]<\/p>\n<p style=\"text-align: justify;\">The sty is a small, brick-roofed wooden building that includes a pigsty (Slov. \u0161talinke), above which is a henhouse (Slov. k\u00fcrjak), and a separate room for litter (Slov. parma or listjak). Original parts of the sty from the Blo\u017eak house in Slatina were used in the construction.<\/p>\n<p>[\/et_pb_text][dnxte_button button_text=&#8221;Ve\u010d&#8221; button_link=&#8221;\/blozakovastala\/&#8221; dnxt_button_alignment=&#8221;center&#8221; btn_icon_color=&#8221;#ffffff&#8221; dnxt_hover_2d=&#8221;dnxt-hover-backward&#8221; dnxt_hover_bg=&#8221;dnxt-hover-shutter-in-vertical&#8221; dnxt_shutter_in_v_bg_color=&#8221;#8d6a18&#8243; dnxt_hover_bg_color=&#8221;#8d6a18&#8243; _builder_version=&#8221;4.9.9&#8243; _module_preset=&#8221;default&#8221; btn_fonts_text_color=&#8221;#ffffff&#8221; custom_margin=&#8221;0px||0px||false|false&#8221; custom_padding=&#8221;||||false|false&#8221; border_color_all_btn_border=&#8221;#FFFFFF&#8221;][\/dnxte_button][\/et_pb_column][\/et_pb_row][et_pb_row column_structure=&#8221;1_2,1_2&#8243; use_custom_gutter=&#8221;on&#8221; gutter_width=&#8221;1&#8243; make_equal=&#8221;on&#8221; module_class=&#8221;dct_abus_v11&#8243; _builder_version=&#8221;4.9.9&#8243; width=&#8221;100%&#8221; max_width=&#8221;100%&#8221; custom_padding=&#8221;0px||0px&#8221; locked=&#8221;off&#8221;][et_pb_column type=&#8221;1_2&#8243; _builder_version=&#8221;4.9.0&#8243; background_enable_color=&#8221;off&#8221; custom_padding=&#8221;5%|5%|5%|5%&#8221; custom_padding__hover=&#8221;|||&#8221;][et_pb_text module_class=&#8221;dct_title left&#8221; _builder_version=&#8221;4.9.9&#8243; text_font=&#8221;Fredericka the Great|600||on|||||&#8221; text_text_color=&#8221;#4d3604&#8243; text_font_size=&#8221;26px&#8221; text_line_height=&#8221;1.2em&#8221; header_font=&#8221;||||||||&#8221; header_text_color=&#8221;#4d3604&#8243; header_2_font=&#8221;|700||on|||||&#8221; header_2_text_align=&#8221;left&#8221; header_2_text_color=&#8221;#110729&#8243; header_2_font_size=&#8221;30px&#8221; header_2_line_height=&#8221;1.2em&#8221; header_6_font=&#8221;|700||on|||||&#8221; header_6_text_align=&#8221;left&#8221; header_6_letter_spacing=&#8221;0.5px&#8221; text_orientation=&#8221;center&#8221; custom_margin=&#8221;||4px|||&#8221; text_font_tablet=&#8221;&#8221; text_font_phone=&#8221;&#8221; text_font_last_edited=&#8221;on|phone&#8221; locked=&#8221;off&#8221;]<\/p>\n<p>Shed with barn<\/p>\n<p>[\/et_pb_text][et_pb_text _builder_version=&#8221;4.9.9&#8243; _module_preset=&#8221;default&#8221; text_font=&#8221;|600|||||||&#8221; text_font_size=&#8221;18px&#8221; text_orientation=&#8221;center&#8221; custom_margin=&#8221;10px|0px|10px|0px|false|false&#8221; custom_margin_tablet=&#8221;&#8221; custom_margin_phone=&#8221;&#8221; custom_margin_last_edited=&#8221;on|phone&#8221; custom_padding=&#8221;0px|10%|10px|10%|false|false&#8221; locked=&#8221;off&#8221;]<\/p>\n<p style=\"text-align: justify;\"><span>The shed is divided into a storage room for waggons (Slov. kolarnica) and a room for threshing grain - a barn (Slov. \u0161keden). In this wooden building of modern construction, we can find a large room with a stage and a small kitchen intended for gatherings, cultural, educational activities and other events. <\/span>Opremljena sta s tradicionalnimi orodji, ki so jih uporabljali pri razli\u010dnih kme\u010dkih opravilih.<em>\u00a0<\/em><\/p>\n<p>[\/et_pb_text][dnxte_button button_text=&#8221;Ve\u010d&#8221; button_link=&#8221;\/kolarnica-s-skednjem\/&#8221; dnxt_button_alignment=&#8221;center&#8221; btn_icon_color=&#8221;#ffffff&#8221; dnxt_hover_2d=&#8221;dnxt-hover-backward&#8221; dnxt_hover_bg=&#8221;dnxt-hover-shutter-in-vertical&#8221; dnxt_shutter_in_v_bg_color=&#8221;#8d6a18&#8243; dnxt_hover_bg_color=&#8221;#8d6a18&#8243; _builder_version=&#8221;4.9.9&#8243; _module_preset=&#8221;default&#8221; btn_fonts_text_color=&#8221;#ffffff&#8221; custom_margin=&#8221;0px||0px||false|false&#8221; custom_padding=&#8221;||||false|false&#8221; border_color_all_btn_border=&#8221;#FFFFFF&#8221;][\/dnxte_button][\/et_pb_column][et_pb_column type=&#8221;1_2&#8243; _builder_version=&#8221;4.9.9&#8243; background_image=&#8221;https:\/\/www.park-cirkulane.si\/wp-content\/uploads\/00-WWW-Slike\/0-www-vsebina\/park-cirkulane-kolarnica-01.jpg&#8221; custom_padding=&#8221;5%|5%|5%|5%&#8221; custom_padding__hover=&#8221;|||&#8221;][\/et_pb_column][\/et_pb_row][\/et_pb_section]<\/p>","protected":false},"excerpt":{"rendered":"<p>[et_pb_section fb_built=&#8221;1&#8243; fullwidth=&#8221;on&#8221; _builder_version=&#8221;4.9.9&#8243; _module_preset=&#8221;default&#8221; background_image=&#8221;https:\/\/www.park-cirkulane.si\/wp-content\/uploads\/00-WWW-Slike\/Naslovi-backgrunds\/bg-naslov-02.jpg&#8221; background_position=&#8221;bottom_center&#8221; background_last_edited=&#8221;on|phone&#8221; background_position_tablet=&#8221;center_right&#8221; background_position_phone=&#8221;center&#8221; locked=&#8221;off&#8221;][et_pb_fullwidth_post_title meta=&#8221;off&#8221; featured_image=&#8221;off&#8221; _builder_version=&#8221;4.9.9&#8243; _module_preset=&#8221;default&#8221; title_font=&#8221;Fredericka the Great|600||on|||||&#8221; title_text_align=&#8221;center&#8221; title_text_color=&#8221;#FFFFFF&#8221; title_font_size=&#8221;34px&#8221; title_letter_spacing=&#8221;3px&#8221; use_background_color_gradient=&#8221;on&#8221; background_color_gradient_start=&#8221;rgba(0,0,0,0.82)&#8221; background_color_gradient_end=&#8221;rgba(0,0,0,0)&#8221; background_color_gradient_direction=&#8221;90deg&#8221; custom_padding=&#8221;50px||40px||false|false&#8221; custom_padding_tablet=&#8221;&#8221; custom_padding_phone=&#8221;40px||30px||false|false&#8221; custom_padding_last_edited=&#8221;on|phone&#8221; hover_enabled=&#8221;0&#8243; title_text_align_tablet=&#8221;&#8221; title_text_align_phone=&#8221;center&#8221; title_text_align_last_edited=&#8221;on|desktop&#8221; title_font_size_tablet=&#8221;28px&#8221; title_font_size_phone=&#8221;22px&#8221; title_font_size_last_edited=&#8221;on|phone&#8221; custom_padding__hover_enabled=&#8221;off|desktop&#8221; sticky_enabled=&#8221;0&#8243;][\/et_pb_fullwidth_post_title][\/et_pb_section][et_pb_section fb_built=&#8221;1&#8243; _builder_version=&#8221;4.9.0&#8243; custom_padding=&#8221;0px|0px|0px|0px|true|false&#8221; locked=&#8221;off&#8221;][et_pb_row column_structure=&#8221;1_2,1_2&#8243; use_custom_gutter=&#8221;on&#8221; gutter_width=&#8221;1&#8243; make_equal=&#8221;on&#8221; module_class=&#8221;dct_abus_v11&#8243; _builder_version=&#8221;4.9.9&#8243; width=&#8221;100%&#8221; max_width=&#8221;100%&#8221; custom_padding=&#8221;0px||0px&#8221; locked=&#8221;off&#8221;][et_pb_column type=&#8221;1_2&#8243; _builder_version=&#8221;4.9.0&#8243; [&hellip;]<\/p>","protected":false},"author":1,"featured_media":0,"parent":0,"menu_order":10,"comment_status":"closed","ping_status":"closed","template":"","meta":{"_et_pb_use_builder":"on","_et_pb_old_content":"","_et_gb_content_width":"","footnotes":""},"class_list":["post-4394234","page","type-page","status-publish","hentry"],"_links":{"self":[{"href":"https:\/\/www.park-cirkulane.si\/en\/wp-json\/wp\/v2\/pages\/4394234","targetHints":{"allow":["GET"]}}],"collection":[{"href":"https:\/\/www.park-cirkulane.si\/en\/wp-json\/wp\/v2\/pages"}],"about":[{"href":"https:\/\/www.park-cirkulane.si\/en\/wp-json\/wp\/v2\/types\/page"}],"author":[{"embeddable":true,"href":"https:\/\/www.park-cirkulane.si\/en\/wp-json\/wp\/v2\/users\/1"}],"replies":[{"embeddable":true,"href":"https:\/\/www.park-cirkulane.si\/en\/wp-json\/wp\/v2\/comments?post=4394234"}],"version-history":[{"count":5,"href":"https:\/\/www.park-cirkulane.si\/en\/wp-json\/wp\/v2\/pages\/4394234\/revisions"}],"predecessor-version":[{"id":4394590,"href":"https:\/\/www.park-cirkulane.si\/en\/wp-json\/wp\/v2\/pages\/4394234\/revisions\/4394590"}],"wp:attachment":[{"href":"https:\/\/www.park-cirkulane.si\/en\/wp-json\/wp\/v2\/media?parent=4394234"}],"curies":[{"name":"wp","href":"https:\/\/api.w.org\/{rel}","templated":true}]}}