{"id":4391756,"date":"2021-07-14T12:00:24","date_gmt":"2021-07-14T12:00:24","guid":{"rendered":"http:\/\/park-cirkulane.si\/?page_id=4391756"},"modified":"2021-08-25T09:56:12","modified_gmt":"2021-08-25T09:56:12","slug":"park-dediscine","status":"publish","type":"page","link":"https:\/\/www.park-cirkulane.si\/en\/park-dediscine\/","title":{"rendered":"Park dedi\u0161\u010dine"},"content":{"rendered":"<p>[et_pb_section fb_built=&#8221;1&#8243; fullwidth=&#8221;on&#8221; _builder_version=&#8221;4.9.9&#8243; _module_preset=&#8221;default&#8221; background_image=&#8221;https:\/\/www.park-cirkulane.si\/wp-content\/uploads\/00-WWW-Slike\/Naslovi-backgrunds\/bg-naslov-02.jpg&#8221; background_position=&#8221;bottom_center&#8221; background_last_edited=&#8221;on|phone&#8221; background_position_tablet=&#8221;center_right&#8221; background_position_phone=&#8221;center&#8221; locked=&#8221;off&#8221;][et_pb_fullwidth_post_title meta=&#8221;off&#8221; featured_image=&#8221;off&#8221; _builder_version=&#8221;4.9.9&#8243; _module_preset=&#8221;default&#8221; title_font=&#8221;Fredericka the Great|600||on|||||&#8221; title_text_align=&#8221;center&#8221; title_text_color=&#8221;#FFFFFF&#8221; title_font_size=&#8221;34px&#8221; title_letter_spacing=&#8221;3px&#8221; use_background_color_gradient=&#8221;on&#8221; background_color_gradient_start=&#8221;rgba(0,0,0,0.82)&#8221; background_color_gradient_end=&#8221;rgba(0,0,0,0)&#8221; background_color_gradient_direction=&#8221;90deg&#8221; custom_padding=&#8221;50px||40px||false|false&#8221; custom_padding_tablet=&#8221;&#8221; custom_padding_phone=&#8221;40px||30px||false|false&#8221; custom_padding_last_edited=&#8221;on|phone&#8221; hover_enabled=&#8221;0&#8243; title_text_align_tablet=&#8221;&#8221; title_text_align_phone=&#8221;center&#8221; title_text_align_last_edited=&#8221;on|desktop&#8221; title_font_size_tablet=&#8221;28px&#8221; title_font_size_phone=&#8221;22px&#8221; title_font_size_last_edited=&#8221;on|phone&#8221; custom_padding__hover_enabled=&#8221;off|desktop&#8221; sticky_enabled=&#8221;0&#8243;][\/et_pb_fullwidth_post_title][\/et_pb_section][et_pb_section fb_built=&#8221;1&#8243; _builder_version=&#8221;4.9.9&#8243; _module_preset=&#8221;default&#8221; custom_margin=&#8221;0px||0px||false|false&#8221; custom_padding=&#8221;0px||||false|false&#8221;][et_pb_row column_structure=&#8221;3_5,2_5&#8243; _builder_version=&#8221;4.9.9&#8243; _module_preset=&#8221;default&#8221;][et_pb_column type=&#8221;3_5&#8243; _builder_version=&#8221;4.9.9&#8243; _module_preset=&#8221;default&#8221;][et_pb_text module_class=&#8221;dct_title left&#8221; _builder_version=&#8221;4.9.9&#8243; text_font=&#8221;Fredericka the Great|||on|||||&#8221; text_font_size=&#8221;32px&#8221; text_line_height=&#8221;1.2em&#8221; header_font=&#8221;||||||||&#8221; header_2_font=&#8221;|700||on|||||&#8221; header_2_text_align=&#8221;left&#8221; header_2_text_color=&#8221;#110729&#8243; header_2_font_size=&#8221;30px&#8221; header_2_line_height=&#8221;1.2em&#8221; header_6_font=&#8221;|700||on|||||&#8221; header_6_text_align=&#8221;left&#8221; header_6_letter_spacing=&#8221;0.5px&#8221; custom_margin=&#8221;10px||0px||false|false&#8221; custom_padding=&#8221;20px||20px||true|false&#8221; hover_enabled=&#8221;0&#8243; text_font_size_tablet=&#8221;&#8221; text_font_size_phone=&#8221;26px&#8221; text_font_size_last_edited=&#8221;on|phone&#8221; header_font_size_tablet=&#8221;&#8221; header_font_size_phone=&#8221;24px&#8221; header_font_size_last_edited=&#8221;on|phone&#8221; locked=&#8221;off&#8221; sticky_enabled=&#8221;0&#8243;]<\/p>\n<p>Splo\u0161no<\/p>\n<p>[\/et_pb_text][et_pb_text _builder_version=&#8221;4.9.9&#8243; _module_preset=&#8221;default&#8221;]<\/p>\n<p style=\"text-align: justify;\"><span>Park dedi\u0161\u010dine Cirkulane se nahaja na \u010dudoviti lokaciji v centru Cirkulan, tik ob cerkvi sv. Katarine. Gre za etnolo\u0161ki muzej na prostem, ki ponuja vpogled v tradicionalni na\u010din \u017eivljenja in dela na\u0161ih prednikov. <\/span><\/p>\n<p style=\"text-align: justify;\"><span>Dolgoletna prizadevanja doma\u010dinov, da bi v Cirkulanah ohranili vsaj del dedi\u0161\u010dine, ki hitro izginja, so se za\u010dela uresni\u010devati leta 2017, ko je Ob\u010dinski svet Ob\u010dine Cirkulane podprl pobudo, naj lokalna skupnost prevzame skrb za eno od tipi\u010dnih halo\u0161kih cimpranih hi\u0161, v kateri bi nastal lokalni etnografski muzej. V letu 2019 je bil pripravljen projekt vzpostavitve etnolo\u0161kega muzeja z imenom Park dedi\u0161\u010dine Cirkulane, ki je bil zgrajen in urejen v letu 2021.<\/span><\/p>\n<p style=\"text-align: justify;\"><span>Jedro muzeja predstavljajo s slamo krita cimprana hi\u0161a, manj\u0161i hlev in kolarnica s skednjem. Stavbe so opremljene z originalno opremo in drugimi predmeti, ki so jih za muzej donirali doma\u010dini. V sklop muzeja sodijo tudi zeli\u0161\u010dni vrt, brajde in \u010debelnjak.<\/span><\/p>\n<p style=\"text-align: justify;\">Z objekti, kme\u010dkih orodjem in opremo ter zbirkami etnolo\u0161kih predmetov predstavljamo materialno dedi\u0161\u010dino na\u0161ih prednikov, preko dogodkov in aktivnosti, ki potekajo v parku skozi vse leto, pa tudi nesnovno dedi\u0161\u010dino, kot so tradicionalna znanja, spretnosti, \u0161ege in navade<\/p>\n<p>[\/et_pb_text][\/et_pb_column][et_pb_column type=&#8221;2_5&#8243; _builder_version=&#8221;4.9.9&#8243; _module_preset=&#8221;default&#8221;][dnxte_minimal_image_hover image=&#8221;https:\/\/www.park-cirkulane.si\/wp-content\/uploads\/00-WWW-Slike\/Galerije\/blozokova-domacija-05.jpg&#8221; dnxtmih_image_hover_effect=&#8221;effect1&#8243; _builder_version=&#8221;4.9.9&#8243; _module_preset=&#8221;default&#8221; custom_margin=&#8221;20%||||false|false&#8221; custom_margin_tablet=&#8221;&#8221; custom_margin_phone=&#8221;0%||0%||true|false&#8221; custom_margin_last_edited=&#8221;on|phone&#8221;][\/dnxte_minimal_image_hover][\/et_pb_column][\/et_pb_row][et_pb_row column_structure=&#8221;2_5,3_5&#8243; _builder_version=&#8221;4.9.9&#8243; _module_preset=&#8221;default&#8221;][et_pb_column type=&#8221;2_5&#8243; _builder_version=&#8221;4.9.9&#8243; _module_preset=&#8221;default&#8221;][dnxte_minimal_image_hover image=&#8221;https:\/\/www.park-cirkulane.si\/wp-content\/uploads\/00-WWW-Slike\/Frontpage\/cirkulane.jpg&#8221; dnxtmih_image_hover_effect=&#8221;effect1&#8243; _builder_version=&#8221;4.9.9&#8243; _module_preset=&#8221;default&#8221; custom_margin=&#8221;15%||0px||false|false&#8221; custom_padding=&#8221;||0px||false|false&#8221;][\/dnxte_minimal_image_hover][dnxte_minimal_image_hover image=&#8221;https:\/\/www.park-cirkulane.si\/wp-content\/uploads\/00-WWW-Slike\/Galerije\/blozokova-domacija-02.jpg&#8221; dnxtmih_image_hover_effect=&#8221;effect1&#8243; _builder_version=&#8221;4.9.9&#8243; _module_preset=&#8221;default&#8221; custom_margin=&#8221;10%||||false|false&#8221;][\/dnxte_minimal_image_hover][\/et_pb_column][et_pb_column type=&#8221;3_5&#8243; _builder_version=&#8221;4.9.9&#8243; _module_preset=&#8221;default&#8221;][et_pb_text _builder_version=&#8221;4.9.9&#8243; _module_preset=&#8221;default&#8221; text_font=&#8221;Fredericka the Great|||on|||||&#8221; text_font_size=&#8221;32px&#8221; custom_margin=&#8221;10px||0px||false|false&#8221; custom_padding=&#8221;20px||20px||true|false&#8221; module_class=&#8221;dct_title left&#8221; text_font_size_phone=&#8221;26px&#8221; text_font_size_last_edited=&#8221;on|phone&#8221; text_line_height=&#8221;1.2em&#8221; header_font=&#8221;||||||||&#8221; header_2_font=&#8221;|700||on|||||&#8221; header_2_text_align=&#8221;left&#8221; header_2_text_color=&#8221;#110729&#8243; header_2_font_size=&#8221;30px&#8221; header_2_line_height=&#8221;1.2em&#8221; header_6_font=&#8221;|700||on|||||&#8221; header_6_text_align=&#8221;left&#8221; header_6_letter_spacing=&#8221;0.5px&#8221; header_font_size_phone=&#8221;24px&#8221; header_font_size_last_edited=&#8221;on|phone&#8221;]<\/p>\n<p><span>Tako smo \u017eiveli<\/span><\/p>\n<p>[\/et_pb_text][et_pb_text _builder_version=&#8221;4.9.9&#8243; _module_preset=&#8221;default&#8221; custom_margin=&#8221;0px||0px||true|false&#8221; custom_padding=&#8221;0px||0px||false|false&#8221;]<\/p>\n<p style=\"text-align: justify;\">Obmo\u010dje dana\u0161nje Ob\u010dine Cirkulane je bilo v preteklosti znano tudi kot Sv. Barbara v Halozah. V upravno-politi\u010dni, \u0161olski in cerkveni okoli\u0161 spadajo naselja: Brezovec, Cirkulane, Dolane, Gradi\u0161\u010da, Gru\u0161kovec, Mali Oki\u010d, Medribnik, Meje, Paradi\u017e, Pohorje, Pristava, Slatina in Veliki Vrh.<\/p>\n<p style=\"text-align: justify;\">Prebivalci sosednjih krajev nas poznajo pod imenom Bel\u00e1ni, ki izhaja iz imen najve\u010djih potokov, ki namakajo te kraje: B\u00e8lice in Bel\u00e0ne, ki se zdru\u017eeni v potok B\u00e9la zlivata v Dravo pod gradom Borl. Bel\u00e1ne boste spoznali tudi po zna\u010dilnem t.i. bel\u00e1nskem govoru, ki se nekoliko razlikuje od nare\u010dnih govorov sosednjih krajev. Nanj smo doma\u010dini zelo ponosni in smo ga zapisali tudi v svojem slovarju.<\/p>\n<p style=\"text-align: justify;\">\u010cudoviti svet halo\u0161kih gri\u010dev sekajo ozke grape in sen\u010dne doline. Ta zna\u010dilni halo\u0161ki relief je pogojeval tudi na\u010din, obliko in razvoj naselij. Ob poteh, ki vodijo po ozkih slemenih, so se oblikovala raztresena in razlo\u017eena naselja. Stari kme\u010dki domovi so imeli obliko doma v gru\u010di ali obliko stegnjenega doma, kjer bivalnemu delu sledijo gospodarski prostori v ravni vrsti in pod eno streho. Osrednji bivalni prostor je bila h\u00ec\u0161a, kjer se je dru\u017eina zbirala ob jedi in raznih opravilih ter praznovanjih. Najstarej\u0161e kme\u010dke hi\u0161e so bile krite s slamo in zgrajene iz lesenih brun (cimprane), \u0161ele v 19. stoletju so pri\u010deli graditi hi\u0161e iz zbite ilovice (butane hi\u0161e). Ve\u010dje in prostornej\u0161e so bile bogatej\u0161e vinogradni\u0161ke hi\u0161e ter gosposke zidanice, imenovane \u0161t\u00f2ki.<\/p>\n<p style=\"text-align: justify;\">Bogata stavbna dedi\u0161\u010dina na\u0161ih prednikov se je v originalni obliki ohranila le malo kje, saj so stare lesene hi\u0161e skozi desetletja nadome\u0161\u010dale nove, sodobnej\u0161e zidane zgradbe. V parku ohranjamo del te stavbne dedi\u0161\u010dine ter obujamo vedenje o tradicionalnem na\u010dinu \u017eivljenju halo\u0161kega \u010dloveka, kot ga je \u017eivel vse tja do 70-ih\u00a0 let 20. stoletja.<\/p>\n<p style=\"text-align: right;\">(Vir: Vodnik po Ob\u010dini Cirkulane, 2018)<\/p>\n<p>[\/et_pb_text][\/et_pb_column][\/et_pb_row][\/et_pb_section]<\/p>","protected":false},"excerpt":{"rendered":"<p>[et_pb_section fb_built=&#8221;1&#8243; fullwidth=&#8221;on&#8221; _builder_version=&#8221;4.9.9&#8243; _module_preset=&#8221;default&#8221; background_image=&#8221;https:\/\/www.park-cirkulane.si\/wp-content\/uploads\/00-WWW-Slike\/Naslovi-backgrunds\/bg-naslov-02.jpg&#8221; background_position=&#8221;bottom_center&#8221; background_last_edited=&#8221;on|phone&#8221; background_position_tablet=&#8221;center_right&#8221; background_position_phone=&#8221;center&#8221; locked=&#8221;off&#8221;][et_pb_fullwidth_post_title meta=&#8221;off&#8221; featured_image=&#8221;off&#8221; _builder_version=&#8221;4.9.9&#8243; _module_preset=&#8221;default&#8221; title_font=&#8221;Fredericka the Great|600||on|||||&#8221; title_text_align=&#8221;center&#8221; title_text_color=&#8221;#FFFFFF&#8221; title_font_size=&#8221;34px&#8221; title_letter_spacing=&#8221;3px&#8221; use_background_color_gradient=&#8221;on&#8221; background_color_gradient_start=&#8221;rgba(0,0,0,0.82)&#8221; background_color_gradient_end=&#8221;rgba(0,0,0,0)&#8221; background_color_gradient_direction=&#8221;90deg&#8221; custom_padding=&#8221;50px||40px||false|false&#8221; custom_padding_tablet=&#8221;&#8221; custom_padding_phone=&#8221;40px||30px||false|false&#8221; custom_padding_last_edited=&#8221;on|phone&#8221; hover_enabled=&#8221;0&#8243; title_text_align_tablet=&#8221;&#8221; title_text_align_phone=&#8221;center&#8221; title_text_align_last_edited=&#8221;on|desktop&#8221; title_font_size_tablet=&#8221;28px&#8221; title_font_size_phone=&#8221;22px&#8221; title_font_size_last_edited=&#8221;on|phone&#8221; custom_padding__hover_enabled=&#8221;off|desktop&#8221; sticky_enabled=&#8221;0&#8243;][\/et_pb_fullwidth_post_title][\/et_pb_section][et_pb_section fb_built=&#8221;1&#8243; _builder_version=&#8221;4.9.9&#8243; _module_preset=&#8221;default&#8221; custom_margin=&#8221;0px||0px||false|false&#8221; custom_padding=&#8221;0px||||false|false&#8221;][et_pb_row column_structure=&#8221;3_5,2_5&#8243; _builder_version=&#8221;4.9.9&#8243; _module_preset=&#8221;default&#8221;][et_pb_column type=&#8221;3_5&#8243; _builder_version=&#8221;4.9.9&#8243; _module_preset=&#8221;default&#8221;][et_pb_text module_class=&#8221;dct_title left&#8221; _builder_version=&#8221;4.9.9&#8243; text_font=&#8221;Fredericka the [&hellip;]<\/p>","protected":false},"author":1,"featured_media":0,"parent":0,"menu_order":13,"comment_status":"closed","ping_status":"closed","template":"","meta":{"_et_pb_use_builder":"on","_et_pb_old_content":"","_et_gb_content_width":"","footnotes":""},"class_list":["post-4391756","page","type-page","status-publish","hentry"],"_links":{"self":[{"href":"https:\/\/www.park-cirkulane.si\/en\/wp-json\/wp\/v2\/pages\/4391756","targetHints":{"allow":["GET"]}}],"collection":[{"href":"https:\/\/www.park-cirkulane.si\/en\/wp-json\/wp\/v2\/pages"}],"about":[{"href":"https:\/\/www.park-cirkulane.si\/en\/wp-json\/wp\/v2\/types\/page"}],"author":[{"embeddable":true,"href":"https:\/\/www.park-cirkulane.si\/en\/wp-json\/wp\/v2\/users\/1"}],"replies":[{"embeddable":true,"href":"https:\/\/www.park-cirkulane.si\/en\/wp-json\/wp\/v2\/comments?post=4391756"}],"version-history":[{"count":25,"href":"https:\/\/www.park-cirkulane.si\/en\/wp-json\/wp\/v2\/pages\/4391756\/revisions"}],"predecessor-version":[{"id":4394568,"href":"https:\/\/www.park-cirkulane.si\/en\/wp-json\/wp\/v2\/pages\/4391756\/revisions\/4394568"}],"wp:attachment":[{"href":"https:\/\/www.park-cirkulane.si\/en\/wp-json\/wp\/v2\/media?parent=4391756"}],"curies":[{"name":"wp","href":"https:\/\/api.w.org\/{rel}","templated":true}]}}